{"id":3618,"date":"2023-01-25T08:37:00","date_gmt":"2023-01-25T07:37:00","guid":{"rendered":"https:\/\/slodyczezpomyslem.invette.dev\/produkt\/zestaw-prezesa-premium-04-10a\/"},"modified":"2025-09-26T13:02:05","modified_gmt":"2025-09-26T11:02:05","slug":"zestaw-prezesa-premium-04-10a","status":"publish","type":"product","link":"https:\/\/nowysklep.slodyczezpomyslem.pl\/en\/produkt\/zestaw-prezesa-premium-04-10a\/","title":{"rendered":"ZESTAW PREZESA PREMIUM"},"content":{"rendered":"<p>\u2022 kr\u00f3wki z Milan\u00f3wka zatopione w czekoladzie belgijskiej z dodatkiem r\u00f3\u017cnorodnych posypek<br data-start=\"308\" data-end=\"311\" \/>\u2022 dost\u0119pne dwa zestawy smakowe:<br data-start=\"342\" data-end=\"345\" \/>\u2013 zestaw I: 3 kr\u00f3wki w czekoladzie belgijskiej 44%, 3 kr\u00f3wki w bia\u0142ej z dodatkiem mlecznej, 3 kr\u00f3wki w czekoladzie belgijskiej 44% z wi\u00f3rkami kokosowymi, 3 kr\u00f3wki w czekoladzie belgijskiej 44% z sezamem, 3 kr\u00f3wki w gorzkiej z dodatkiem bia\u0142ej<br data-start=\"587\" data-end=\"590\" \/>\u2013 zestaw II: 3 kr\u00f3wki w czekoladzie belgijskiej 44%, 3 kr\u00f3wki w bia\u0142ej z dodatkiem mlecznej, 3 kr\u00f3wki w czekoladzie belgijskiej 44% z wi\u00f3rkami kokosowymi, 3 kr\u00f3wki w czekoladzie belgijskiej 44% z sezamem, 3 kr\u00f3wki w gorzkiej posypane liofilizowan\u0105 malin\u0105<br data-start=\"844\" data-end=\"847\" data-is-only-node=\"\" \/>\u2022 u\u0142o\u017cone na czarnej wyprasce i przykryte czarn\u0105 ko\u0142derk\u0105<br data-start=\"904\" data-end=\"907\" \/>\u2022 dwucz\u0119\u015bciowe pude\u0142ko kartonowe:<br data-start=\"940\" data-end=\"943\" \/>\u2013 z nadrukiem reklamowym CMYK na ca\u0142ej powierzchni opakowania<br data-start=\"1004\" data-end=\"1007\" \/>\u2013 z kartonu matowego w kolorze czarnym lub granatowym ze znakowaniem metod\u0105 hot-stampingu w kolorze z\u0142otym lub srebrnym w jednym miejscu opakowania<br data-start=\"1148\" data-end=\"1151\" \/>\u2013 z kartonu z\u0142otego lub srebrnego z t\u0142oczonym logo w jednym miejscu opakowania<\/p>\n","protected":false},"excerpt":{"rendered":"<p>\u2022 kr\u00f3wki z Milan\u00f3wka zatopione w czekoladzie belgijskiej z dodatkiem r\u00f3\u017cnorodnych posypek\u2022 dost\u0119pne dwa zestawy smakowe:\u2013 zestaw I: 3 kr\u00f3wki [&hellip;]<\/p>\n","protected":false},"featured_media":3619,"comment_status":"open","ping_status":"closed","template":"","meta":{"_acf_changed":false,"site-sidebar-layout":"default","site-content-layout":"","ast-site-content-layout":"default","site-content-style":"default","site-sidebar-style":"default","ast-global-header-display":"","ast-banner-title-visibility":"","ast-main-header-display":"","ast-hfb-above-header-display":"","ast-hfb-below-header-display":"","ast-hfb-mobile-header-display":"","site-post-title":"","ast-breadcrumbs-content":"","ast-featured-img":"","footer-sml-layout":"","theme-transparent-header-meta":"default","adv-header-id-meta":"","stick-header-meta":"","header-above-stick-meta":"","header-main-stick-meta":"","header-below-stick-meta":"","astra-migrate-meta-layouts":"set","ast-page-background-enabled":"default","ast-page-background-meta":{"desktop":{"background-color":"var(--ast-global-color-5)","background-image":"","background-repeat":"repeat","background-position":"center center","background-size":"auto","background-attachment":"scroll","background-type":"","background-media":"","overlay-type":"","overlay-color":"","overlay-opacity":"","overlay-gradient":""},"tablet":{"background-color":"","background-image":"","background-repeat":"repeat","background-position":"center center","background-size":"auto","background-attachment":"scroll","background-type":"","background-media":"","overlay-type":"","overlay-color":"","overlay-opacity":"","overlay-gradient":""},"mobile":{"background-color":"","background-image":"","background-repeat":"repeat","background-position":"center center","background-size":"auto","background-attachment":"scroll","background-type":"","background-media":"","overlay-type":"","overlay-color":"","overlay-opacity":"","overlay-gradient":""}},"ast-content-background-meta":{"desktop":{"background-color":"var(--ast-global-color-4)","background-image":"","background-repeat":"repeat","background-position":"center center","background-size":"auto","background-attachment":"scroll","background-type":"","background-media":"","overlay-type":"","overlay-color":"","overlay-opacity":"","overlay-gradient":""},"tablet":{"background-color":"var(--ast-global-color-4)","background-image":"","background-repeat":"repeat","background-position":"center center","background-size":"auto","background-attachment":"scroll","background-type":"","background-media":"","overlay-type":"","overlay-color":"","overlay-opacity":"","overlay-gradient":""},"mobile":{"background-color":"var(--ast-global-color-4)","background-image":"","background-repeat":"repeat","background-position":"center center","background-size":"auto","background-attachment":"scroll","background-type":"","background-media":"","overlay-type":"","overlay-color":"","overlay-opacity":"","overlay-gradient":""}}},"product_brand":[],"product_cat":[208,136,203,64,265,50],"product_tag":[],"class_list":{"0":"post-3618","1":"product","2":"type-product","3":"status-publish","4":"has-post-thumbnail","6":"product_cat-bombonierki-zestawy","7":"product_cat-boze-narodzenie","8":"product_cat-czekoladki-w-zestawach","9":"product_cat-krowki-reklamowe-produkty","10":"product_cat-wielkanoc","11":"product_cat-produkty","12":"pa_minimalne-zamowienie-200-szt-en","13":"pa_minimalne-zamowienie-200-szt","14":"pa_okres-przydatnosci-3-miesiace-en","15":"pa_okres-przydatnosci-3-miesiace","16":"desktop-align-left","17":"tablet-align-left","18":"mobile-align-left","20":"first","21":"instock","22":"shipping-taxable","23":"purchasable","24":"product-type-simple"},"acf":[],"yoast_head":"<!-- This site is optimized with the Yoast SEO plugin v26.6 - https:\/\/yoast.com\/wordpress\/plugins\/seo\/ -->\n<title>Zestaw Prezesa Premium 04.10A - S\u0142odycze reklamowe B&amp;B<\/title>\n<meta name=\"description\" content=\"Zestaw Prezesa Premium 04.10A. Reklama i s\u0142odycze to nasze dwie pasje. \u0141\u0105czymy je w s\u0142odycze reklamowe, kt\u00f3re buduj\u0105 Tw\u00f3j pozytywny wizerunek. W czym mo\u017cemy pom\u00f3c?\" \/>\n<meta name=\"robots\" content=\"noindex, follow, max-snippet:-1, max-image-preview:large, max-video-preview:-1\" \/>\n<meta property=\"og:locale\" content=\"en_US\" \/>\n<meta property=\"og:type\" content=\"article\" \/>\n<meta property=\"og:title\" content=\"Zestaw Prezesa Premium 04.10A - S\u0142odycze reklamowe B&amp;B\" \/>\n<meta property=\"og:description\" content=\"Zestaw Prezesa Premium 04.10A. Reklama i s\u0142odycze to nasze dwie pasje. \u0141\u0105czymy je w s\u0142odycze reklamowe, kt\u00f3re buduj\u0105 Tw\u00f3j pozytywny wizerunek. W czym mo\u017cemy pom\u00f3c?\" \/>\n<meta property=\"og:url\" content=\"https:\/\/nowysklep.slodyczezpomyslem.pl\/produkt\/zestaw-prezesa-premium-04-10a\/\" \/>\n<meta property=\"og:site_name\" content=\"S\u0142odycze z Pomys\u0142em\" \/>\n<meta property=\"article:modified_time\" content=\"2025-09-26T11:02:05+00:00\" \/>\n<meta property=\"og:image\" content=\"https:\/\/nowysklep.slodyczezpomyslem.pl\/wp-content\/uploads\/2025\/06\/2024_04.10A_christmas.jpg\" \/>\n\t<meta property=\"og:image:width\" content=\"1200\" \/>\n\t<meta property=\"og:image:height\" content=\"900\" \/>\n\t<meta property=\"og:image:type\" content=\"image\/jpeg\" \/>\n<meta name=\"twitter:card\" content=\"summary_large_image\" \/>\n<meta name=\"twitter:label1\" content=\"Est. reading time\" \/>\n\t<meta name=\"twitter:data1\" content=\"2 minutes\" \/>\n<script type=\"application\/ld+json\" class=\"yoast-schema-graph\">{\"@context\":\"https:\/\/schema.org\",\"@graph\":[{\"@type\":\"WebPage\",\"@id\":\"https:\/\/nowysklep.slodyczezpomyslem.pl\/produkt\/zestaw-prezesa-premium-04-10a\/\",\"url\":\"https:\/\/nowysklep.slodyczezpomyslem.pl\/produkt\/zestaw-prezesa-premium-04-10a\/\",\"name\":\"Zestaw Prezesa Premium 04.10A - S\u0142odycze reklamowe B&amp;B\",\"isPartOf\":{\"@id\":\"https:\/\/nowysklep.slodyczezpomyslem.pl\/#website\"},\"primaryImageOfPage\":{\"@id\":\"https:\/\/nowysklep.slodyczezpomyslem.pl\/produkt\/zestaw-prezesa-premium-04-10a\/#primaryimage\"},\"image\":{\"@id\":\"https:\/\/nowysklep.slodyczezpomyslem.pl\/produkt\/zestaw-prezesa-premium-04-10a\/#primaryimage\"},\"thumbnailUrl\":\"https:\/\/nowysklep.slodyczezpomyslem.pl\/wp-content\/uploads\/2025\/06\/2024_04.10A_christmas.jpg\",\"datePublished\":\"2023-01-25T07:37:00+00:00\",\"dateModified\":\"2025-09-26T11:02:05+00:00\",\"description\":\"Zestaw Prezesa Premium 04.10A. Reklama i s\u0142odycze to nasze dwie pasje. \u0141\u0105czymy je w s\u0142odycze reklamowe, kt\u00f3re buduj\u0105 Tw\u00f3j pozytywny wizerunek. W czym mo\u017cemy pom\u00f3c?\",\"breadcrumb\":{\"@id\":\"https:\/\/nowysklep.slodyczezpomyslem.pl\/produkt\/zestaw-prezesa-premium-04-10a\/#breadcrumb\"},\"inLanguage\":\"en-US\",\"potentialAction\":[{\"@type\":\"ReadAction\",\"target\":[\"https:\/\/nowysklep.slodyczezpomyslem.pl\/produkt\/zestaw-prezesa-premium-04-10a\/\"]}]},{\"@type\":\"ImageObject\",\"inLanguage\":\"en-US\",\"@id\":\"https:\/\/nowysklep.slodyczezpomyslem.pl\/produkt\/zestaw-prezesa-premium-04-10a\/#primaryimage\",\"url\":\"https:\/\/nowysklep.slodyczezpomyslem.pl\/wp-content\/uploads\/2025\/06\/2024_04.10A_christmas.jpg\",\"contentUrl\":\"https:\/\/nowysklep.slodyczezpomyslem.pl\/wp-content\/uploads\/2025\/06\/2024_04.10A_christmas.jpg\",\"width\":1200,\"height\":900,\"caption\":\"Pralinki z kr\u00f3wek z Milan\u00f3wka w r\u00f3\u017cnych wariantach czekolady z logo klienta, w eleganckim pude\u0142ku kartonowym z nadrukiem reklamowym\"},{\"@type\":\"BreadcrumbList\",\"@id\":\"https:\/\/nowysklep.slodyczezpomyslem.pl\/produkt\/zestaw-prezesa-premium-04-10a\/#breadcrumb\",\"itemListElement\":[{\"@type\":\"ListItem\",\"position\":1,\"name\":\"Strona g\u0142\u00f3wna\",\"item\":\"https:\/\/nowysklep.slodyczezpomyslem.pl\/en\/\"},{\"@type\":\"ListItem\",\"position\":2,\"name\":\"Shop\",\"item\":\"https:\/\/nowysklep.slodyczezpomyslem.pl\/en\/shop\/\"},{\"@type\":\"ListItem\",\"position\":3,\"name\":\"ZESTAW PREZESA PREMIUM\"}]},{\"@type\":\"WebSite\",\"@id\":\"https:\/\/nowysklep.slodyczezpomyslem.pl\/#website\",\"url\":\"https:\/\/nowysklep.slodyczezpomyslem.pl\/\",\"name\":\"S\u0142odycze z Pomys\u0142em\",\"description\":\"\",\"potentialAction\":[{\"@type\":\"SearchAction\",\"target\":{\"@type\":\"EntryPoint\",\"urlTemplate\":\"https:\/\/nowysklep.slodyczezpomyslem.pl\/?s={search_term_string}\"},\"query-input\":{\"@type\":\"PropertyValueSpecification\",\"valueRequired\":true,\"valueName\":\"search_term_string\"}}],\"inLanguage\":\"en-US\"}]}<\/script>\n<!-- \/ Yoast SEO plugin. -->","yoast_head_json":{"title":"Zestaw Prezesa Premium 04.10A - S\u0142odycze reklamowe B&amp;B","description":"Zestaw Prezesa Premium 04.10A. Reklama i s\u0142odycze to nasze dwie pasje. \u0141\u0105czymy je w s\u0142odycze reklamowe, kt\u00f3re buduj\u0105 Tw\u00f3j pozytywny wizerunek. W czym mo\u017cemy pom\u00f3c?","robots":{"index":"noindex","follow":"follow","max-snippet":"max-snippet:-1","max-image-preview":"max-image-preview:large","max-video-preview":"max-video-preview:-1"},"og_locale":"en_US","og_type":"article","og_title":"Zestaw Prezesa Premium 04.10A - S\u0142odycze reklamowe B&amp;B","og_description":"Zestaw Prezesa Premium 04.10A. Reklama i s\u0142odycze to nasze dwie pasje. \u0141\u0105czymy je w s\u0142odycze reklamowe, kt\u00f3re buduj\u0105 Tw\u00f3j pozytywny wizerunek. W czym mo\u017cemy pom\u00f3c?","og_url":"https:\/\/nowysklep.slodyczezpomyslem.pl\/produkt\/zestaw-prezesa-premium-04-10a\/","og_site_name":"S\u0142odycze z Pomys\u0142em","article_modified_time":"2025-09-26T11:02:05+00:00","og_image":[{"width":1200,"height":900,"url":"https:\/\/nowysklep.slodyczezpomyslem.pl\/wp-content\/uploads\/2025\/06\/2024_04.10A_christmas.jpg","type":"image\/jpeg"}],"twitter_card":"summary_large_image","twitter_misc":{"Est. reading time":"2 minutes"},"schema":{"@context":"https:\/\/schema.org","@graph":[{"@type":"WebPage","@id":"https:\/\/nowysklep.slodyczezpomyslem.pl\/produkt\/zestaw-prezesa-premium-04-10a\/","url":"https:\/\/nowysklep.slodyczezpomyslem.pl\/produkt\/zestaw-prezesa-premium-04-10a\/","name":"Zestaw Prezesa Premium 04.10A - S\u0142odycze reklamowe B&amp;B","isPartOf":{"@id":"https:\/\/nowysklep.slodyczezpomyslem.pl\/#website"},"primaryImageOfPage":{"@id":"https:\/\/nowysklep.slodyczezpomyslem.pl\/produkt\/zestaw-prezesa-premium-04-10a\/#primaryimage"},"image":{"@id":"https:\/\/nowysklep.slodyczezpomyslem.pl\/produkt\/zestaw-prezesa-premium-04-10a\/#primaryimage"},"thumbnailUrl":"https:\/\/nowysklep.slodyczezpomyslem.pl\/wp-content\/uploads\/2025\/06\/2024_04.10A_christmas.jpg","datePublished":"2023-01-25T07:37:00+00:00","dateModified":"2025-09-26T11:02:05+00:00","description":"Zestaw Prezesa Premium 04.10A. Reklama i s\u0142odycze to nasze dwie pasje. \u0141\u0105czymy je w s\u0142odycze reklamowe, kt\u00f3re buduj\u0105 Tw\u00f3j pozytywny wizerunek. W czym mo\u017cemy pom\u00f3c?","breadcrumb":{"@id":"https:\/\/nowysklep.slodyczezpomyslem.pl\/produkt\/zestaw-prezesa-premium-04-10a\/#breadcrumb"},"inLanguage":"en-US","potentialAction":[{"@type":"ReadAction","target":["https:\/\/nowysklep.slodyczezpomyslem.pl\/produkt\/zestaw-prezesa-premium-04-10a\/"]}]},{"@type":"ImageObject","inLanguage":"en-US","@id":"https:\/\/nowysklep.slodyczezpomyslem.pl\/produkt\/zestaw-prezesa-premium-04-10a\/#primaryimage","url":"https:\/\/nowysklep.slodyczezpomyslem.pl\/wp-content\/uploads\/2025\/06\/2024_04.10A_christmas.jpg","contentUrl":"https:\/\/nowysklep.slodyczezpomyslem.pl\/wp-content\/uploads\/2025\/06\/2024_04.10A_christmas.jpg","width":1200,"height":900,"caption":"Pralinki z kr\u00f3wek z Milan\u00f3wka w r\u00f3\u017cnych wariantach czekolady z logo klienta, w eleganckim pude\u0142ku kartonowym z nadrukiem reklamowym"},{"@type":"BreadcrumbList","@id":"https:\/\/nowysklep.slodyczezpomyslem.pl\/produkt\/zestaw-prezesa-premium-04-10a\/#breadcrumb","itemListElement":[{"@type":"ListItem","position":1,"name":"Strona g\u0142\u00f3wna","item":"https:\/\/nowysklep.slodyczezpomyslem.pl\/en\/"},{"@type":"ListItem","position":2,"name":"Shop","item":"https:\/\/nowysklep.slodyczezpomyslem.pl\/en\/shop\/"},{"@type":"ListItem","position":3,"name":"ZESTAW PREZESA PREMIUM"}]},{"@type":"WebSite","@id":"https:\/\/nowysklep.slodyczezpomyslem.pl\/#website","url":"https:\/\/nowysklep.slodyczezpomyslem.pl\/","name":"S\u0142odycze z Pomys\u0142em","description":"","potentialAction":[{"@type":"SearchAction","target":{"@type":"EntryPoint","urlTemplate":"https:\/\/nowysklep.slodyczezpomyslem.pl\/?s={search_term_string}"},"query-input":{"@type":"PropertyValueSpecification","valueRequired":true,"valueName":"search_term_string"}}],"inLanguage":"en-US"}]}},"_links":{"self":[{"href":"https:\/\/nowysklep.slodyczezpomyslem.pl\/en\/wp-json\/wp\/v2\/product\/3618","targetHints":{"allow":["GET"]}}],"collection":[{"href":"https:\/\/nowysklep.slodyczezpomyslem.pl\/en\/wp-json\/wp\/v2\/product"}],"about":[{"href":"https:\/\/nowysklep.slodyczezpomyslem.pl\/en\/wp-json\/wp\/v2\/types\/product"}],"replies":[{"embeddable":true,"href":"https:\/\/nowysklep.slodyczezpomyslem.pl\/en\/wp-json\/wp\/v2\/comments?post=3618"}],"version-history":[{"count":3,"href":"https:\/\/nowysklep.slodyczezpomyslem.pl\/en\/wp-json\/wp\/v2\/product\/3618\/revisions"}],"predecessor-version":[{"id":15871,"href":"https:\/\/nowysklep.slodyczezpomyslem.pl\/en\/wp-json\/wp\/v2\/product\/3618\/revisions\/15871"}],"wp:featuredmedia":[{"embeddable":true,"href":"https:\/\/nowysklep.slodyczezpomyslem.pl\/en\/wp-json\/wp\/v2\/media\/3619"}],"wp:attachment":[{"href":"https:\/\/nowysklep.slodyczezpomyslem.pl\/en\/wp-json\/wp\/v2\/media?parent=3618"}],"wp:term":[{"taxonomy":"product_brand","embeddable":true,"href":"https:\/\/nowysklep.slodyczezpomyslem.pl\/en\/wp-json\/wp\/v2\/product_brand?post=3618"},{"taxonomy":"product_cat","embeddable":true,"href":"https:\/\/nowysklep.slodyczezpomyslem.pl\/en\/wp-json\/wp\/v2\/product_cat?post=3618"},{"taxonomy":"product_tag","embeddable":true,"href":"https:\/\/nowysklep.slodyczezpomyslem.pl\/en\/wp-json\/wp\/v2\/product_tag?post=3618"}],"curies":[{"name":"wp","href":"https:\/\/api.w.org\/{rel}","templated":true}]}}