{"id":3557,"date":"2022-09-13T06:16:00","date_gmt":"2022-09-13T04:16:00","guid":{"rendered":"https:\/\/slodyczezpomyslem.invette.dev\/produkt\/choco-sticks-15-35\/"},"modified":"2025-09-26T13:01:57","modified_gmt":"2025-09-26T11:01:57","slug":"choco-sticks","status":"publish","type":"product","link":"https:\/\/nowysklep.slodyczezpomyslem.pl\/en\/produkt\/choco-sticks\/","title":{"rendered":"ZESTAW CHOCO STICKS"},"content":{"rendered":"<p><strong>Grube paluchy oblane pyszn\u0105 mleczn\u0105 czekolad\u0105, dost\u0119pne w dw\u00f3ch wariantach smakowych<\/strong><\/p>\n<ul>\n<li><strong>I wariant:<\/strong> 3 paluchy ozdobione bia\u0142a czekolad\u0105 + 2 paluchy obtoczone kolorow\u0105 posypk\u0105; <strong>II wariant:<\/strong> 3 paluchy obtoczone w wi\u00f3rkach kokosowych + 2 paluchy obtoczone w rozdrobionych orzechach ziemnych z dodatkiem soli<\/li>\n<li>zapakowane w przezroczyst\u0105 torebk\u0119 oraz kartonowe pude\u0142eczko z dowolnym nadrukiem reklamowym CMYK<\/li>\n<li>wysztancowane okienko przez kt\u00f3re wida\u0107 zawarto\u015b\u0107<\/li>\n<\/ul>\n","protected":false},"excerpt":{"rendered":"<p>Grube paluchy oblane pyszn\u0105 mleczn\u0105 czekolad\u0105, dost\u0119pne w dw\u00f3ch wariantach smakowych I wariant: 3 paluchy ozdobione bia\u0142a czekolad\u0105 + 2 [&hellip;]<\/p>\n","protected":false},"featured_media":3558,"comment_status":"open","ping_status":"closed","template":"","meta":{"_acf_changed":false,"site-sidebar-layout":"default","site-content-layout":"","ast-site-content-layout":"default","site-content-style":"default","site-sidebar-style":"default","ast-global-header-display":"","ast-banner-title-visibility":"","ast-main-header-display":"","ast-hfb-above-header-display":"","ast-hfb-below-header-display":"","ast-hfb-mobile-header-display":"","site-post-title":"","ast-breadcrumbs-content":"","ast-featured-img":"","footer-sml-layout":"","theme-transparent-header-meta":"default","adv-header-id-meta":"","stick-header-meta":"","header-above-stick-meta":"","header-main-stick-meta":"","header-below-stick-meta":"","astra-migrate-meta-layouts":"set","ast-page-background-enabled":"default","ast-page-background-meta":{"desktop":{"background-color":"var(--ast-global-color-5)","background-image":"","background-repeat":"repeat","background-position":"center center","background-size":"auto","background-attachment":"scroll","background-type":"","background-media":"","overlay-type":"","overlay-color":"","overlay-opacity":"","overlay-gradient":""},"tablet":{"background-color":"","background-image":"","background-repeat":"repeat","background-position":"center center","background-size":"auto","background-attachment":"scroll","background-type":"","background-media":"","overlay-type":"","overlay-color":"","overlay-opacity":"","overlay-gradient":""},"mobile":{"background-color":"","background-image":"","background-repeat":"repeat","background-position":"center center","background-size":"auto","background-attachment":"scroll","background-type":"","background-media":"","overlay-type":"","overlay-color":"","overlay-opacity":"","overlay-gradient":""}},"ast-content-background-meta":{"desktop":{"background-color":"var(--ast-global-color-4)","background-image":"","background-repeat":"repeat","background-position":"center center","background-size":"auto","background-attachment":"scroll","background-type":"","background-media":"","overlay-type":"","overlay-color":"","overlay-opacity":"","overlay-gradient":""},"tablet":{"background-color":"var(--ast-global-color-4)","background-image":"","background-repeat":"repeat","background-position":"center center","background-size":"auto","background-attachment":"scroll","background-type":"","background-media":"","overlay-type":"","overlay-color":"","overlay-opacity":"","overlay-gradient":""},"mobile":{"background-color":"var(--ast-global-color-4)","background-image":"","background-repeat":"repeat","background-position":"center center","background-size":"auto","background-attachment":"scroll","background-type":"","background-media":"","overlay-type":"","overlay-color":"","overlay-opacity":"","overlay-gradient":""}}},"product_brand":[],"product_cat":[136,339,397,50],"product_tag":[],"class_list":{"0":"post-3557","1":"product","2":"type-product","3":"status-publish","4":"has-post-thumbnail","6":"product_cat-boze-narodzenie","7":"product_cat-ciastka-pierniki","8":"product_cat-przekaski","9":"product_cat-produkty","10":"pa_masa-netto-ok-84-g-en","11":"pa_masa-netto-ok-84-g","12":"pa_minimalne-zamowienie-100-szt","13":"pa_minimalne-zamowienie-100-szt-en","14":"pa_okres-przydatnosci-3-miesiace-en","15":"pa_okres-przydatnosci-3-miesiace","16":"pa_wymiary-opakowania-ok-103x160x20-mm-en","17":"pa_wymiary-opakowania-ok-103x160x20-mm","18":"desktop-align-left","19":"tablet-align-left","20":"mobile-align-left","22":"first","23":"instock","24":"shipping-taxable","25":"purchasable","26":"product-type-simple"},"acf":[],"yoast_head":"<!-- This site is optimized with the Yoast SEO plugin v26.6 - https:\/\/yoast.com\/wordpress\/plugins\/seo\/ -->\n<title>Zestaw Choco Sticks (15.35) - S\u0142odycze reklamowe B&amp;B<\/title>\n<meta name=\"description\" content=\"Zestaw Choco Sticks (15.35). Reklama i s\u0142odycze to nasze dwie pasje. \u0141\u0105czymy je w s\u0142odycze reklamowe, kt\u00f3re buduj\u0105 Tw\u00f3j pozytywny wizerunek. W czym mo\u017cemy pom\u00f3c?\" \/>\n<meta name=\"robots\" content=\"noindex, follow, max-snippet:-1, max-image-preview:large, max-video-preview:-1\" \/>\n<meta property=\"og:locale\" content=\"en_US\" \/>\n<meta property=\"og:type\" content=\"article\" \/>\n<meta property=\"og:title\" content=\"Zestaw Choco Sticks (15.35) - S\u0142odycze reklamowe B&amp;B\" \/>\n<meta property=\"og:description\" content=\"Zestaw Choco Sticks (15.35). Reklama i s\u0142odycze to nasze dwie pasje. \u0141\u0105czymy je w s\u0142odycze reklamowe, kt\u00f3re buduj\u0105 Tw\u00f3j pozytywny wizerunek. W czym mo\u017cemy pom\u00f3c?\" \/>\n<meta property=\"og:url\" content=\"https:\/\/nowysklep.slodyczezpomyslem.pl\/produkt\/choco-sticks\/\" \/>\n<meta property=\"og:site_name\" content=\"S\u0142odycze z Pomys\u0142em\" \/>\n<meta property=\"article:modified_time\" content=\"2025-09-26T11:01:57+00:00\" \/>\n<meta property=\"og:image\" content=\"https:\/\/nowysklep.slodyczezpomyslem.pl\/wp-content\/uploads\/2025\/06\/15.35_2024_christmas.jpg\" \/>\n\t<meta property=\"og:image:width\" content=\"1200\" \/>\n\t<meta property=\"og:image:height\" content=\"900\" \/>\n\t<meta property=\"og:image:type\" content=\"image\/jpeg\" \/>\n<meta name=\"twitter:card\" content=\"summary_large_image\" \/>\n<meta name=\"twitter:label1\" content=\"Est. reading time\" \/>\n\t<meta name=\"twitter:data1\" content=\"1 minute\" \/>\n<script type=\"application\/ld+json\" class=\"yoast-schema-graph\">{\"@context\":\"https:\/\/schema.org\",\"@graph\":[{\"@type\":\"WebPage\",\"@id\":\"https:\/\/nowysklep.slodyczezpomyslem.pl\/produkt\/choco-sticks\/\",\"url\":\"https:\/\/nowysklep.slodyczezpomyslem.pl\/produkt\/choco-sticks\/\",\"name\":\"Zestaw Choco Sticks (15.35) - S\u0142odycze reklamowe B&amp;B\",\"isPartOf\":{\"@id\":\"https:\/\/nowysklep.slodyczezpomyslem.pl\/#website\"},\"primaryImageOfPage\":{\"@id\":\"https:\/\/nowysklep.slodyczezpomyslem.pl\/produkt\/choco-sticks\/#primaryimage\"},\"image\":{\"@id\":\"https:\/\/nowysklep.slodyczezpomyslem.pl\/produkt\/choco-sticks\/#primaryimage\"},\"thumbnailUrl\":\"https:\/\/nowysklep.slodyczezpomyslem.pl\/wp-content\/uploads\/2025\/06\/15.35_2024_christmas.jpg\",\"datePublished\":\"2022-09-13T04:16:00+00:00\",\"dateModified\":\"2025-09-26T11:01:57+00:00\",\"description\":\"Zestaw Choco Sticks (15.35). Reklama i s\u0142odycze to nasze dwie pasje. \u0141\u0105czymy je w s\u0142odycze reklamowe, kt\u00f3re buduj\u0105 Tw\u00f3j pozytywny wizerunek. W czym mo\u017cemy pom\u00f3c?\",\"breadcrumb\":{\"@id\":\"https:\/\/nowysklep.slodyczezpomyslem.pl\/produkt\/choco-sticks\/#breadcrumb\"},\"inLanguage\":\"en-US\",\"potentialAction\":[{\"@type\":\"ReadAction\",\"target\":[\"https:\/\/nowysklep.slodyczezpomyslem.pl\/produkt\/choco-sticks\/\"]}]},{\"@type\":\"ImageObject\",\"inLanguage\":\"en-US\",\"@id\":\"https:\/\/nowysklep.slodyczezpomyslem.pl\/produkt\/choco-sticks\/#primaryimage\",\"url\":\"https:\/\/nowysklep.slodyczezpomyslem.pl\/wp-content\/uploads\/2025\/06\/15.35_2024_christmas.jpg\",\"contentUrl\":\"https:\/\/nowysklep.slodyczezpomyslem.pl\/wp-content\/uploads\/2025\/06\/15.35_2024_christmas.jpg\",\"width\":1200,\"height\":900,\"caption\":\"Personalizowany upominek firmowy \u2013 paluchy czekoladowe z r\u00f3\u017cnorodnymi posypkami i logo klienta\"},{\"@type\":\"BreadcrumbList\",\"@id\":\"https:\/\/nowysklep.slodyczezpomyslem.pl\/produkt\/choco-sticks\/#breadcrumb\",\"itemListElement\":[{\"@type\":\"ListItem\",\"position\":1,\"name\":\"Strona g\u0142\u00f3wna\",\"item\":\"https:\/\/nowysklep.slodyczezpomyslem.pl\/en\/\"},{\"@type\":\"ListItem\",\"position\":2,\"name\":\"Shop\",\"item\":\"https:\/\/nowysklep.slodyczezpomyslem.pl\/en\/shop\/\"},{\"@type\":\"ListItem\",\"position\":3,\"name\":\"ZESTAW CHOCO STICKS\"}]},{\"@type\":\"WebSite\",\"@id\":\"https:\/\/nowysklep.slodyczezpomyslem.pl\/#website\",\"url\":\"https:\/\/nowysklep.slodyczezpomyslem.pl\/\",\"name\":\"S\u0142odycze z Pomys\u0142em\",\"description\":\"\",\"potentialAction\":[{\"@type\":\"SearchAction\",\"target\":{\"@type\":\"EntryPoint\",\"urlTemplate\":\"https:\/\/nowysklep.slodyczezpomyslem.pl\/?s={search_term_string}\"},\"query-input\":{\"@type\":\"PropertyValueSpecification\",\"valueRequired\":true,\"valueName\":\"search_term_string\"}}],\"inLanguage\":\"en-US\"}]}<\/script>\n<!-- \/ Yoast SEO plugin. -->","yoast_head_json":{"title":"Zestaw Choco Sticks (15.35) - S\u0142odycze reklamowe B&amp;B","description":"Zestaw Choco Sticks (15.35). Reklama i s\u0142odycze to nasze dwie pasje. \u0141\u0105czymy je w s\u0142odycze reklamowe, kt\u00f3re buduj\u0105 Tw\u00f3j pozytywny wizerunek. W czym mo\u017cemy pom\u00f3c?","robots":{"index":"noindex","follow":"follow","max-snippet":"max-snippet:-1","max-image-preview":"max-image-preview:large","max-video-preview":"max-video-preview:-1"},"og_locale":"en_US","og_type":"article","og_title":"Zestaw Choco Sticks (15.35) - S\u0142odycze reklamowe B&amp;B","og_description":"Zestaw Choco Sticks (15.35). Reklama i s\u0142odycze to nasze dwie pasje. \u0141\u0105czymy je w s\u0142odycze reklamowe, kt\u00f3re buduj\u0105 Tw\u00f3j pozytywny wizerunek. W czym mo\u017cemy pom\u00f3c?","og_url":"https:\/\/nowysklep.slodyczezpomyslem.pl\/produkt\/choco-sticks\/","og_site_name":"S\u0142odycze z Pomys\u0142em","article_modified_time":"2025-09-26T11:01:57+00:00","og_image":[{"width":1200,"height":900,"url":"https:\/\/nowysklep.slodyczezpomyslem.pl\/wp-content\/uploads\/2025\/06\/15.35_2024_christmas.jpg","type":"image\/jpeg"}],"twitter_card":"summary_large_image","twitter_misc":{"Est. reading time":"1 minute"},"schema":{"@context":"https:\/\/schema.org","@graph":[{"@type":"WebPage","@id":"https:\/\/nowysklep.slodyczezpomyslem.pl\/produkt\/choco-sticks\/","url":"https:\/\/nowysklep.slodyczezpomyslem.pl\/produkt\/choco-sticks\/","name":"Zestaw Choco Sticks (15.35) - S\u0142odycze reklamowe B&amp;B","isPartOf":{"@id":"https:\/\/nowysklep.slodyczezpomyslem.pl\/#website"},"primaryImageOfPage":{"@id":"https:\/\/nowysklep.slodyczezpomyslem.pl\/produkt\/choco-sticks\/#primaryimage"},"image":{"@id":"https:\/\/nowysklep.slodyczezpomyslem.pl\/produkt\/choco-sticks\/#primaryimage"},"thumbnailUrl":"https:\/\/nowysklep.slodyczezpomyslem.pl\/wp-content\/uploads\/2025\/06\/15.35_2024_christmas.jpg","datePublished":"2022-09-13T04:16:00+00:00","dateModified":"2025-09-26T11:01:57+00:00","description":"Zestaw Choco Sticks (15.35). Reklama i s\u0142odycze to nasze dwie pasje. \u0141\u0105czymy je w s\u0142odycze reklamowe, kt\u00f3re buduj\u0105 Tw\u00f3j pozytywny wizerunek. W czym mo\u017cemy pom\u00f3c?","breadcrumb":{"@id":"https:\/\/nowysklep.slodyczezpomyslem.pl\/produkt\/choco-sticks\/#breadcrumb"},"inLanguage":"en-US","potentialAction":[{"@type":"ReadAction","target":["https:\/\/nowysklep.slodyczezpomyslem.pl\/produkt\/choco-sticks\/"]}]},{"@type":"ImageObject","inLanguage":"en-US","@id":"https:\/\/nowysklep.slodyczezpomyslem.pl\/produkt\/choco-sticks\/#primaryimage","url":"https:\/\/nowysklep.slodyczezpomyslem.pl\/wp-content\/uploads\/2025\/06\/15.35_2024_christmas.jpg","contentUrl":"https:\/\/nowysklep.slodyczezpomyslem.pl\/wp-content\/uploads\/2025\/06\/15.35_2024_christmas.jpg","width":1200,"height":900,"caption":"Personalizowany upominek firmowy \u2013 paluchy czekoladowe z r\u00f3\u017cnorodnymi posypkami i logo klienta"},{"@type":"BreadcrumbList","@id":"https:\/\/nowysklep.slodyczezpomyslem.pl\/produkt\/choco-sticks\/#breadcrumb","itemListElement":[{"@type":"ListItem","position":1,"name":"Strona g\u0142\u00f3wna","item":"https:\/\/nowysklep.slodyczezpomyslem.pl\/en\/"},{"@type":"ListItem","position":2,"name":"Shop","item":"https:\/\/nowysklep.slodyczezpomyslem.pl\/en\/shop\/"},{"@type":"ListItem","position":3,"name":"ZESTAW CHOCO STICKS"}]},{"@type":"WebSite","@id":"https:\/\/nowysklep.slodyczezpomyslem.pl\/#website","url":"https:\/\/nowysklep.slodyczezpomyslem.pl\/","name":"S\u0142odycze z Pomys\u0142em","description":"","potentialAction":[{"@type":"SearchAction","target":{"@type":"EntryPoint","urlTemplate":"https:\/\/nowysklep.slodyczezpomyslem.pl\/?s={search_term_string}"},"query-input":{"@type":"PropertyValueSpecification","valueRequired":true,"valueName":"search_term_string"}}],"inLanguage":"en-US"}]}},"_links":{"self":[{"href":"https:\/\/nowysklep.slodyczezpomyslem.pl\/en\/wp-json\/wp\/v2\/product\/3557","targetHints":{"allow":["GET"]}}],"collection":[{"href":"https:\/\/nowysklep.slodyczezpomyslem.pl\/en\/wp-json\/wp\/v2\/product"}],"about":[{"href":"https:\/\/nowysklep.slodyczezpomyslem.pl\/en\/wp-json\/wp\/v2\/types\/product"}],"replies":[{"embeddable":true,"href":"https:\/\/nowysklep.slodyczezpomyslem.pl\/en\/wp-json\/wp\/v2\/comments?post=3557"}],"version-history":[{"count":2,"href":"https:\/\/nowysklep.slodyczezpomyslem.pl\/en\/wp-json\/wp\/v2\/product\/3557\/revisions"}],"predecessor-version":[{"id":16148,"href":"https:\/\/nowysklep.slodyczezpomyslem.pl\/en\/wp-json\/wp\/v2\/product\/3557\/revisions\/16148"}],"wp:featuredmedia":[{"embeddable":true,"href":"https:\/\/nowysklep.slodyczezpomyslem.pl\/en\/wp-json\/wp\/v2\/media\/3558"}],"wp:attachment":[{"href":"https:\/\/nowysklep.slodyczezpomyslem.pl\/en\/wp-json\/wp\/v2\/media?parent=3557"}],"wp:term":[{"taxonomy":"product_brand","embeddable":true,"href":"https:\/\/nowysklep.slodyczezpomyslem.pl\/en\/wp-json\/wp\/v2\/product_brand?post=3557"},{"taxonomy":"product_cat","embeddable":true,"href":"https:\/\/nowysklep.slodyczezpomyslem.pl\/en\/wp-json\/wp\/v2\/product_cat?post=3557"},{"taxonomy":"product_tag","embeddable":true,"href":"https:\/\/nowysklep.slodyczezpomyslem.pl\/en\/wp-json\/wp\/v2\/product_tag?post=3557"}],"curies":[{"name":"wp","href":"https:\/\/api.w.org\/{rel}","templated":true}]}}