{"id":3465,"date":"2021-06-17T12:11:00","date_gmt":"2021-06-17T10:11:00","guid":{"rendered":"https:\/\/slodyczezpomyslem.invette.dev\/produkt\/7-herbat-w-pudelku-16-20\/"},"modified":"2025-11-07T13:47:12","modified_gmt":"2025-11-07T12:47:12","slug":"7-herbat-w-pudelku-16-20","status":"publish","type":"product","link":"https:\/\/nowysklep.slodyczezpomyslem.pl\/en\/produkt\/7-herbat-w-pudelku-16-20\/","title":{"rendered":"7 HERBAT W PUDE\u0141KU"},"content":{"rendered":"<p>\u2022 7 markowych herbat Lipton w torebkach pakowanych pojedynczo w prostok\u0105tne saszetki z dwustronnym, wielobarwnym nadrukiem reklamowym CMYK<br data-start=\"146\" data-end=\"149\" \/>\u2022 w standardzie herbata czarna Lipton Yellow Label, inne smaki dost\u0119pne na zapytanie (obowi\u0105zuje dop\u0142ata)<br data-start=\"258\" data-end=\"261\" \/>\u2022 w standardzie ka\u017cda saszetka z innym nadrukiem reklamowym<br data-start=\"324\" data-end=\"327\" \/>\u2022 mo\u017cliwo\u015b\u0107 dodania przywieszek handlowych z logo (za dop\u0142at\u0105)<br data-start=\"393\" data-end=\"396\" \/>\u2022 herbaty pakowane w pude\u0142ka kartonowe z dowolnym nadrukiem reklamowym CMYK na ca\u0142ej powierzchni<\/p>\n","protected":false},"excerpt":{"rendered":"<p>\u2022 7 markowych herbat Lipton w torebkach pakowanych pojedynczo w prostok\u0105tne saszetki z dwustronnym, wielobarwnym nadrukiem reklamowym CMYK\u2022 w standardzie [&hellip;]<\/p>\n","protected":false},"featured_media":3466,"comment_status":"open","ping_status":"closed","template":"","meta":{"_acf_changed":false,"site-sidebar-layout":"default","site-content-layout":"","ast-site-content-layout":"default","site-content-style":"default","site-sidebar-style":"default","ast-global-header-display":"","ast-banner-title-visibility":"","ast-main-header-display":"","ast-hfb-above-header-display":"","ast-hfb-below-header-display":"","ast-hfb-mobile-header-display":"","site-post-title":"","ast-breadcrumbs-content":"","ast-featured-img":"","footer-sml-layout":"","theme-transparent-header-meta":"default","adv-header-id-meta":"","stick-header-meta":"","header-above-stick-meta":"","header-main-stick-meta":"","header-below-stick-meta":"","astra-migrate-meta-layouts":"set","ast-page-background-enabled":"default","ast-page-background-meta":{"desktop":{"background-color":"var(--ast-global-color-5)","background-image":"","background-repeat":"repeat","background-position":"center center","background-size":"auto","background-attachment":"scroll","background-type":"","background-media":"","overlay-type":"","overlay-color":"","overlay-opacity":"","overlay-gradient":""},"tablet":{"background-color":"","background-image":"","background-repeat":"repeat","background-position":"center center","background-size":"auto","background-attachment":"scroll","background-type":"","background-media":"","overlay-type":"","overlay-color":"","overlay-opacity":"","overlay-gradient":""},"mobile":{"background-color":"","background-image":"","background-repeat":"repeat","background-position":"center center","background-size":"auto","background-attachment":"scroll","background-type":"","background-media":"","overlay-type":"","overlay-color":"","overlay-opacity":"","overlay-gradient":""}},"ast-content-background-meta":{"desktop":{"background-color":"var(--ast-global-color-4)","background-image":"","background-repeat":"repeat","background-position":"center center","background-size":"auto","background-attachment":"scroll","background-type":"","background-media":"","overlay-type":"","overlay-color":"","overlay-opacity":"","overlay-gradient":""},"tablet":{"background-color":"var(--ast-global-color-4)","background-image":"","background-repeat":"repeat","background-position":"center center","background-size":"auto","background-attachment":"scroll","background-type":"","background-media":"","overlay-type":"","overlay-color":"","overlay-opacity":"","overlay-gradient":""},"mobile":{"background-color":"var(--ast-global-color-4)","background-image":"","background-repeat":"repeat","background-position":"center center","background-size":"auto","background-attachment":"scroll","background-type":"","background-media":"","overlay-type":"","overlay-color":"","overlay-opacity":"","overlay-gradient":""}}},"product_brand":[],"product_cat":[51,50],"product_tag":[],"class_list":{"0":"post-3465","1":"product","2":"type-product","3":"status-publish","4":"has-post-thumbnail","6":"product_cat-cukier-herbata-kawa-przyprawy","7":"product_cat-produkty","8":"pa_wymiary-opakowania-ok-84x72x42-mm-en","9":"pa_wymiary-opakowania-ok-84x72x42-mm","10":"pa_wymiary-saszetki-ok-76x65-mm-en","11":"pa_wymiary-saszetki-ok-76x65-mm","12":"desktop-align-left","13":"tablet-align-left","14":"mobile-align-left","16":"first","17":"instock","18":"shipping-taxable","19":"purchasable","20":"product-type-simple"},"acf":[],"yoast_head":"<!-- This site is optimized with the Yoast SEO plugin v26.6 - https:\/\/yoast.com\/wordpress\/plugins\/seo\/ -->\n<title>7 Herbat w pude\u0142ku 16.20 - S\u0142odycze reklamowe B&amp;B<\/title>\n<meta name=\"description\" content=\"7 Herbat w pude\u0142ku 16.20. Reklama i s\u0142odycze to nasze dwie pasje. \u0141\u0105czymy je w s\u0142odycze reklamowe, kt\u00f3re buduj\u0105 Tw\u00f3j pozytywny wizerunek. W czym mo\u017cemy pom\u00f3c?\" \/>\n<meta name=\"robots\" content=\"noindex, follow, max-snippet:-1, max-image-preview:large, max-video-preview:-1\" \/>\n<meta property=\"og:locale\" content=\"en_US\" \/>\n<meta property=\"og:type\" content=\"article\" \/>\n<meta property=\"og:title\" content=\"7 Herbat w pude\u0142ku 16.20 - S\u0142odycze reklamowe B&amp;B\" \/>\n<meta property=\"og:description\" content=\"7 Herbat w pude\u0142ku 16.20. Reklama i s\u0142odycze to nasze dwie pasje. \u0141\u0105czymy je w s\u0142odycze reklamowe, kt\u00f3re buduj\u0105 Tw\u00f3j pozytywny wizerunek. W czym mo\u017cemy pom\u00f3c?\" \/>\n<meta property=\"og:url\" content=\"https:\/\/nowysklep.slodyczezpomyslem.pl\/produkt\/7-herbat-w-pudelku-16-20\/\" \/>\n<meta property=\"og:site_name\" content=\"S\u0142odycze z Pomys\u0142em\" \/>\n<meta property=\"article:modified_time\" content=\"2025-11-07T12:47:12+00:00\" \/>\n<meta property=\"og:image\" content=\"https:\/\/nowysklep.slodyczezpomyslem.pl\/wp-content\/uploads\/2025\/06\/16.20.jpg\" \/>\n\t<meta property=\"og:image:width\" content=\"750\" \/>\n\t<meta property=\"og:image:height\" content=\"531\" \/>\n\t<meta property=\"og:image:type\" content=\"image\/jpeg\" \/>\n<meta name=\"twitter:card\" content=\"summary_large_image\" \/>\n<meta name=\"twitter:label1\" content=\"Est. reading time\" \/>\n\t<meta name=\"twitter:data1\" content=\"1 minute\" \/>\n<script type=\"application\/ld+json\" class=\"yoast-schema-graph\">{\"@context\":\"https:\/\/schema.org\",\"@graph\":[{\"@type\":\"WebPage\",\"@id\":\"https:\/\/nowysklep.slodyczezpomyslem.pl\/produkt\/7-herbat-w-pudelku-16-20\/\",\"url\":\"https:\/\/nowysklep.slodyczezpomyslem.pl\/produkt\/7-herbat-w-pudelku-16-20\/\",\"name\":\"7 Herbat w pude\u0142ku 16.20 - S\u0142odycze reklamowe B&amp;B\",\"isPartOf\":{\"@id\":\"https:\/\/nowysklep.slodyczezpomyslem.pl\/#website\"},\"primaryImageOfPage\":{\"@id\":\"https:\/\/nowysklep.slodyczezpomyslem.pl\/produkt\/7-herbat-w-pudelku-16-20\/#primaryimage\"},\"image\":{\"@id\":\"https:\/\/nowysklep.slodyczezpomyslem.pl\/produkt\/7-herbat-w-pudelku-16-20\/#primaryimage\"},\"thumbnailUrl\":\"https:\/\/nowysklep.slodyczezpomyslem.pl\/wp-content\/uploads\/2025\/06\/16.20.jpg\",\"datePublished\":\"2021-06-17T10:11:00+00:00\",\"dateModified\":\"2025-11-07T12:47:12+00:00\",\"description\":\"7 Herbat w pude\u0142ku 16.20. Reklama i s\u0142odycze to nasze dwie pasje. \u0141\u0105czymy je w s\u0142odycze reklamowe, kt\u00f3re buduj\u0105 Tw\u00f3j pozytywny wizerunek. W czym mo\u017cemy pom\u00f3c?\",\"breadcrumb\":{\"@id\":\"https:\/\/nowysklep.slodyczezpomyslem.pl\/produkt\/7-herbat-w-pudelku-16-20\/#breadcrumb\"},\"inLanguage\":\"en-US\",\"potentialAction\":[{\"@type\":\"ReadAction\",\"target\":[\"https:\/\/nowysklep.slodyczezpomyslem.pl\/produkt\/7-herbat-w-pudelku-16-20\/\"]}]},{\"@type\":\"ImageObject\",\"inLanguage\":\"en-US\",\"@id\":\"https:\/\/nowysklep.slodyczezpomyslem.pl\/produkt\/7-herbat-w-pudelku-16-20\/#primaryimage\",\"url\":\"https:\/\/nowysklep.slodyczezpomyslem.pl\/wp-content\/uploads\/2025\/06\/16.20.jpg\",\"contentUrl\":\"https:\/\/nowysklep.slodyczezpomyslem.pl\/wp-content\/uploads\/2025\/06\/16.20.jpg\",\"width\":750,\"height\":531,\"caption\":\"Pude\u0142ko z 7 markowymi herbatami Lipton z indywidualnym nadrukiem reklamowym\"},{\"@type\":\"BreadcrumbList\",\"@id\":\"https:\/\/nowysklep.slodyczezpomyslem.pl\/produkt\/7-herbat-w-pudelku-16-20\/#breadcrumb\",\"itemListElement\":[{\"@type\":\"ListItem\",\"position\":1,\"name\":\"Strona g\u0142\u00f3wna\",\"item\":\"https:\/\/nowysklep.slodyczezpomyslem.pl\/en\/\"},{\"@type\":\"ListItem\",\"position\":2,\"name\":\"Shop\",\"item\":\"https:\/\/nowysklep.slodyczezpomyslem.pl\/en\/shop\/\"},{\"@type\":\"ListItem\",\"position\":3,\"name\":\"7 HERBAT W PUDE\u0141KU\"}]},{\"@type\":\"WebSite\",\"@id\":\"https:\/\/nowysklep.slodyczezpomyslem.pl\/#website\",\"url\":\"https:\/\/nowysklep.slodyczezpomyslem.pl\/\",\"name\":\"S\u0142odycze z Pomys\u0142em\",\"description\":\"\",\"potentialAction\":[{\"@type\":\"SearchAction\",\"target\":{\"@type\":\"EntryPoint\",\"urlTemplate\":\"https:\/\/nowysklep.slodyczezpomyslem.pl\/?s={search_term_string}\"},\"query-input\":{\"@type\":\"PropertyValueSpecification\",\"valueRequired\":true,\"valueName\":\"search_term_string\"}}],\"inLanguage\":\"en-US\"}]}<\/script>\n<!-- \/ Yoast SEO plugin. -->","yoast_head_json":{"title":"7 Herbat w pude\u0142ku 16.20 - S\u0142odycze reklamowe B&amp;B","description":"7 Herbat w pude\u0142ku 16.20. Reklama i s\u0142odycze to nasze dwie pasje. \u0141\u0105czymy je w s\u0142odycze reklamowe, kt\u00f3re buduj\u0105 Tw\u00f3j pozytywny wizerunek. W czym mo\u017cemy pom\u00f3c?","robots":{"index":"noindex","follow":"follow","max-snippet":"max-snippet:-1","max-image-preview":"max-image-preview:large","max-video-preview":"max-video-preview:-1"},"og_locale":"en_US","og_type":"article","og_title":"7 Herbat w pude\u0142ku 16.20 - S\u0142odycze reklamowe B&amp;B","og_description":"7 Herbat w pude\u0142ku 16.20. Reklama i s\u0142odycze to nasze dwie pasje. \u0141\u0105czymy je w s\u0142odycze reklamowe, kt\u00f3re buduj\u0105 Tw\u00f3j pozytywny wizerunek. W czym mo\u017cemy pom\u00f3c?","og_url":"https:\/\/nowysklep.slodyczezpomyslem.pl\/produkt\/7-herbat-w-pudelku-16-20\/","og_site_name":"S\u0142odycze z Pomys\u0142em","article_modified_time":"2025-11-07T12:47:12+00:00","og_image":[{"width":750,"height":531,"url":"https:\/\/nowysklep.slodyczezpomyslem.pl\/wp-content\/uploads\/2025\/06\/16.20.jpg","type":"image\/jpeg"}],"twitter_card":"summary_large_image","twitter_misc":{"Est. reading time":"1 minute"},"schema":{"@context":"https:\/\/schema.org","@graph":[{"@type":"WebPage","@id":"https:\/\/nowysklep.slodyczezpomyslem.pl\/produkt\/7-herbat-w-pudelku-16-20\/","url":"https:\/\/nowysklep.slodyczezpomyslem.pl\/produkt\/7-herbat-w-pudelku-16-20\/","name":"7 Herbat w pude\u0142ku 16.20 - S\u0142odycze reklamowe B&amp;B","isPartOf":{"@id":"https:\/\/nowysklep.slodyczezpomyslem.pl\/#website"},"primaryImageOfPage":{"@id":"https:\/\/nowysklep.slodyczezpomyslem.pl\/produkt\/7-herbat-w-pudelku-16-20\/#primaryimage"},"image":{"@id":"https:\/\/nowysklep.slodyczezpomyslem.pl\/produkt\/7-herbat-w-pudelku-16-20\/#primaryimage"},"thumbnailUrl":"https:\/\/nowysklep.slodyczezpomyslem.pl\/wp-content\/uploads\/2025\/06\/16.20.jpg","datePublished":"2021-06-17T10:11:00+00:00","dateModified":"2025-11-07T12:47:12+00:00","description":"7 Herbat w pude\u0142ku 16.20. Reklama i s\u0142odycze to nasze dwie pasje. \u0141\u0105czymy je w s\u0142odycze reklamowe, kt\u00f3re buduj\u0105 Tw\u00f3j pozytywny wizerunek. W czym mo\u017cemy pom\u00f3c?","breadcrumb":{"@id":"https:\/\/nowysklep.slodyczezpomyslem.pl\/produkt\/7-herbat-w-pudelku-16-20\/#breadcrumb"},"inLanguage":"en-US","potentialAction":[{"@type":"ReadAction","target":["https:\/\/nowysklep.slodyczezpomyslem.pl\/produkt\/7-herbat-w-pudelku-16-20\/"]}]},{"@type":"ImageObject","inLanguage":"en-US","@id":"https:\/\/nowysklep.slodyczezpomyslem.pl\/produkt\/7-herbat-w-pudelku-16-20\/#primaryimage","url":"https:\/\/nowysklep.slodyczezpomyslem.pl\/wp-content\/uploads\/2025\/06\/16.20.jpg","contentUrl":"https:\/\/nowysklep.slodyczezpomyslem.pl\/wp-content\/uploads\/2025\/06\/16.20.jpg","width":750,"height":531,"caption":"Pude\u0142ko z 7 markowymi herbatami Lipton z indywidualnym nadrukiem reklamowym"},{"@type":"BreadcrumbList","@id":"https:\/\/nowysklep.slodyczezpomyslem.pl\/produkt\/7-herbat-w-pudelku-16-20\/#breadcrumb","itemListElement":[{"@type":"ListItem","position":1,"name":"Strona g\u0142\u00f3wna","item":"https:\/\/nowysklep.slodyczezpomyslem.pl\/en\/"},{"@type":"ListItem","position":2,"name":"Shop","item":"https:\/\/nowysklep.slodyczezpomyslem.pl\/en\/shop\/"},{"@type":"ListItem","position":3,"name":"7 HERBAT W PUDE\u0141KU"}]},{"@type":"WebSite","@id":"https:\/\/nowysklep.slodyczezpomyslem.pl\/#website","url":"https:\/\/nowysklep.slodyczezpomyslem.pl\/","name":"S\u0142odycze z Pomys\u0142em","description":"","potentialAction":[{"@type":"SearchAction","target":{"@type":"EntryPoint","urlTemplate":"https:\/\/nowysklep.slodyczezpomyslem.pl\/?s={search_term_string}"},"query-input":{"@type":"PropertyValueSpecification","valueRequired":true,"valueName":"search_term_string"}}],"inLanguage":"en-US"}]}},"_links":{"self":[{"href":"https:\/\/nowysklep.slodyczezpomyslem.pl\/en\/wp-json\/wp\/v2\/product\/3465","targetHints":{"allow":["GET"]}}],"collection":[{"href":"https:\/\/nowysklep.slodyczezpomyslem.pl\/en\/wp-json\/wp\/v2\/product"}],"about":[{"href":"https:\/\/nowysklep.slodyczezpomyslem.pl\/en\/wp-json\/wp\/v2\/types\/product"}],"replies":[{"embeddable":true,"href":"https:\/\/nowysklep.slodyczezpomyslem.pl\/en\/wp-json\/wp\/v2\/comments?post=3465"}],"version-history":[{"count":4,"href":"https:\/\/nowysklep.slodyczezpomyslem.pl\/en\/wp-json\/wp\/v2\/product\/3465\/revisions"}],"predecessor-version":[{"id":17359,"href":"https:\/\/nowysklep.slodyczezpomyslem.pl\/en\/wp-json\/wp\/v2\/product\/3465\/revisions\/17359"}],"wp:featuredmedia":[{"embeddable":true,"href":"https:\/\/nowysklep.slodyczezpomyslem.pl\/en\/wp-json\/wp\/v2\/media\/3466"}],"wp:attachment":[{"href":"https:\/\/nowysklep.slodyczezpomyslem.pl\/en\/wp-json\/wp\/v2\/media?parent=3465"}],"wp:term":[{"taxonomy":"product_brand","embeddable":true,"href":"https:\/\/nowysklep.slodyczezpomyslem.pl\/en\/wp-json\/wp\/v2\/product_brand?post=3465"},{"taxonomy":"product_cat","embeddable":true,"href":"https:\/\/nowysklep.slodyczezpomyslem.pl\/en\/wp-json\/wp\/v2\/product_cat?post=3465"},{"taxonomy":"product_tag","embeddable":true,"href":"https:\/\/nowysklep.slodyczezpomyslem.pl\/en\/wp-json\/wp\/v2\/product_tag?post=3465"}],"curies":[{"name":"wp","href":"https:\/\/api.w.org\/{rel}","templated":true}]}}