{"id":2258,"date":"2017-05-17T07:13:00","date_gmt":"2017-05-17T05:13:00","guid":{"rendered":"https:\/\/slodyczezpomyslem.invette.dev\/produkt\/baton-dobra-kaloria\/"},"modified":"2025-09-30T13:48:11","modified_gmt":"2025-09-30T11:48:11","slug":"baton-dobra-kaloria","status":"publish","type":"product","link":"https:\/\/nowysklep.slodyczezpomyslem.pl\/en\/produkt\/baton-dobra-kaloria\/","title":{"rendered":"BATON DOBRA KALORIA"},"content":{"rendered":"<p>Baton wykonany z naturalnych sk\u0142adnik\u00f3w bez dodatku cukru, z wysok\u0105 zawarto\u015bci\u0105 b\u0142onnika.<\/p>\n<ul>\n<li>dost\u0119pne smaki: kawa i orzech, kakao i orzech, chrupi\u0105cy orzech lub kokos i orzech<\/li>\n<li>oryginalne foliowe opakowanie producenta oraz pude\u0142ko kartonowe w kszta\u0142cie poduszki z dowolnym nadrukiem reklamowym CMYK<\/li>\n<\/ul>\n","protected":false},"excerpt":{"rendered":"<p>Baton wykonany z naturalnych sk\u0142adnik\u00f3w bez dodatku cukru, z wysok\u0105 zawarto\u015bci\u0105 b\u0142onnika. dost\u0119pne smaki: kawa i orzech, kakao i orzech, [&hellip;]<\/p>\n","protected":false},"featured_media":2259,"comment_status":"open","ping_status":"open","template":"","meta":{"_acf_changed":false,"site-sidebar-layout":"","site-content-layout":"","ast-site-content-layout":"","site-content-style":"","site-sidebar-style":"","ast-global-header-display":"","ast-banner-title-visibility":"","ast-main-header-display":"","ast-hfb-above-header-display":"","ast-hfb-below-header-display":"","ast-hfb-mobile-header-display":"","site-post-title":"","ast-breadcrumbs-content":"","ast-featured-img":"","footer-sml-layout":"","theme-transparent-header-meta":"","adv-header-id-meta":"","stick-header-meta":"","header-above-stick-meta":"","header-main-stick-meta":"","header-below-stick-meta":"","astra-migrate-meta-layouts":"","ast-page-background-enabled":"default","ast-page-background-meta":{"desktop":{"background-color":"var(--ast-global-color-5)","background-image":"","background-repeat":"repeat","background-position":"center center","background-size":"auto","background-attachment":"scroll","background-type":"","background-media":"","overlay-type":"","overlay-color":"","overlay-opacity":"","overlay-gradient":""},"tablet":{"background-color":"","background-image":"","background-repeat":"repeat","background-position":"center center","background-size":"auto","background-attachment":"scroll","background-type":"","background-media":"","overlay-type":"","overlay-color":"","overlay-opacity":"","overlay-gradient":""},"mobile":{"background-color":"","background-image":"","background-repeat":"repeat","background-position":"center center","background-size":"auto","background-attachment":"scroll","background-type":"","background-media":"","overlay-type":"","overlay-color":"","overlay-opacity":"","overlay-gradient":""}},"ast-content-background-meta":{"desktop":{"background-color":"var(--ast-global-color-4)","background-image":"","background-repeat":"repeat","background-position":"center center","background-size":"auto","background-attachment":"scroll","background-type":"","background-media":"","overlay-type":"","overlay-color":"","overlay-opacity":"","overlay-gradient":""},"tablet":{"background-color":"var(--ast-global-color-4)","background-image":"","background-repeat":"repeat","background-position":"center center","background-size":"auto","background-attachment":"scroll","background-type":"","background-media":"","overlay-type":"","overlay-color":"","overlay-opacity":"","overlay-gradient":""},"mobile":{"background-color":"var(--ast-global-color-4)","background-image":"","background-repeat":"repeat","background-position":"center center","background-size":"auto","background-attachment":"scroll","background-type":"","background-media":"","overlay-type":"","overlay-color":"","overlay-opacity":"","overlay-gradient":""}}},"product_brand":[],"product_cat":[366,361,50],"product_tag":[],"class_list":{"0":"post-2258","1":"product","2":"type-product","3":"status-publish","4":"has-post-thumbnail","6":"product_cat-batony-i-wafle","7":"product_cat-eko-produkty","8":"product_cat-produkty","9":"pa_minimalne-zamowienie-200-szt-en","10":"pa_minimalne-zamowienie-200-szt","11":"pa_okres-przydatnosci-10-miesiecy-en","12":"pa_okres-przydatnosci-10-miesiecy","13":"pa_wymiary-opakowania-ok-127x57x16-mm-en","14":"pa_wymiary-opakowania-ok-127x57x16-mm","15":"pa_wymiary-produktu-ok-102x31x15-mm-en","16":"pa_wymiary-produktu-ok-102x31x15-mm","17":"desktop-align-left","18":"tablet-align-left","19":"mobile-align-left","21":"first","22":"instock","23":"shipping-taxable","24":"purchasable","25":"product-type-simple"},"acf":[],"yoast_head":"<!-- This site is optimized with the Yoast SEO plugin v26.6 - https:\/\/yoast.com\/wordpress\/plugins\/seo\/ -->\n<title>BATON DOBRA KALORIA - S\u0142odycze z Pomys\u0142em<\/title>\n<meta name=\"robots\" content=\"noindex, follow, max-snippet:-1, max-image-preview:large, max-video-preview:-1\" \/>\n<meta property=\"og:locale\" content=\"en_US\" \/>\n<meta property=\"og:type\" content=\"article\" \/>\n<meta property=\"og:title\" content=\"BATON DOBRA KALORIA - S\u0142odycze z Pomys\u0142em\" \/>\n<meta property=\"og:description\" content=\"Baton wykonany z naturalnych sk\u0142adnik\u00f3w bez dodatku cukru, z wysok\u0105 zawarto\u015bci\u0105 b\u0142onnika. dost\u0119pne smaki: kawa i orzech, kakao i orzech, [&hellip;]\" \/>\n<meta property=\"og:url\" content=\"https:\/\/nowysklep.slodyczezpomyslem.pl\/produkt\/baton-dobra-kaloria\/\" \/>\n<meta property=\"og:site_name\" content=\"S\u0142odycze z Pomys\u0142em\" \/>\n<meta property=\"article:modified_time\" content=\"2025-09-30T11:48:11+00:00\" \/>\n<meta property=\"og:image\" content=\"https:\/\/nowysklep.slodyczezpomyslem.pl\/wp-content\/uploads\/2025\/06\/10_11_02.jpg\" \/>\n\t<meta property=\"og:image:width\" content=\"850\" \/>\n\t<meta property=\"og:image:height\" content=\"602\" \/>\n\t<meta property=\"og:image:type\" content=\"image\/jpeg\" \/>\n<meta name=\"twitter:card\" content=\"summary_large_image\" \/>\n<script type=\"application\/ld+json\" class=\"yoast-schema-graph\">{\"@context\":\"https:\/\/schema.org\",\"@graph\":[{\"@type\":\"WebPage\",\"@id\":\"https:\/\/nowysklep.slodyczezpomyslem.pl\/produkt\/baton-dobra-kaloria\/\",\"url\":\"https:\/\/nowysklep.slodyczezpomyslem.pl\/produkt\/baton-dobra-kaloria\/\",\"name\":\"BATON DOBRA KALORIA - S\u0142odycze z Pomys\u0142em\",\"isPartOf\":{\"@id\":\"https:\/\/nowysklep.slodyczezpomyslem.pl\/#website\"},\"primaryImageOfPage\":{\"@id\":\"https:\/\/nowysklep.slodyczezpomyslem.pl\/produkt\/baton-dobra-kaloria\/#primaryimage\"},\"image\":{\"@id\":\"https:\/\/nowysklep.slodyczezpomyslem.pl\/produkt\/baton-dobra-kaloria\/#primaryimage\"},\"thumbnailUrl\":\"https:\/\/nowysklep.slodyczezpomyslem.pl\/wp-content\/uploads\/2025\/06\/10_11_02.jpg\",\"datePublished\":\"2017-05-17T05:13:00+00:00\",\"dateModified\":\"2025-09-30T11:48:11+00:00\",\"breadcrumb\":{\"@id\":\"https:\/\/nowysklep.slodyczezpomyslem.pl\/produkt\/baton-dobra-kaloria\/#breadcrumb\"},\"inLanguage\":\"en-US\",\"potentialAction\":[{\"@type\":\"ReadAction\",\"target\":[\"https:\/\/nowysklep.slodyczezpomyslem.pl\/produkt\/baton-dobra-kaloria\/\"]}]},{\"@type\":\"ImageObject\",\"inLanguage\":\"en-US\",\"@id\":\"https:\/\/nowysklep.slodyczezpomyslem.pl\/produkt\/baton-dobra-kaloria\/#primaryimage\",\"url\":\"https:\/\/nowysklep.slodyczezpomyslem.pl\/wp-content\/uploads\/2025\/06\/10_11_02.jpg\",\"contentUrl\":\"https:\/\/nowysklep.slodyczezpomyslem.pl\/wp-content\/uploads\/2025\/06\/10_11_02.jpg\",\"width\":850,\"height\":602},{\"@type\":\"BreadcrumbList\",\"@id\":\"https:\/\/nowysklep.slodyczezpomyslem.pl\/produkt\/baton-dobra-kaloria\/#breadcrumb\",\"itemListElement\":[{\"@type\":\"ListItem\",\"position\":1,\"name\":\"Strona g\u0142\u00f3wna\",\"item\":\"https:\/\/nowysklep.slodyczezpomyslem.pl\/en\/\"},{\"@type\":\"ListItem\",\"position\":2,\"name\":\"Shop\",\"item\":\"https:\/\/nowysklep.slodyczezpomyslem.pl\/en\/shop\/\"},{\"@type\":\"ListItem\",\"position\":3,\"name\":\"BATON DOBRA KALORIA\"}]},{\"@type\":\"WebSite\",\"@id\":\"https:\/\/nowysklep.slodyczezpomyslem.pl\/#website\",\"url\":\"https:\/\/nowysklep.slodyczezpomyslem.pl\/\",\"name\":\"S\u0142odycze z Pomys\u0142em\",\"description\":\"\",\"potentialAction\":[{\"@type\":\"SearchAction\",\"target\":{\"@type\":\"EntryPoint\",\"urlTemplate\":\"https:\/\/nowysklep.slodyczezpomyslem.pl\/?s={search_term_string}\"},\"query-input\":{\"@type\":\"PropertyValueSpecification\",\"valueRequired\":true,\"valueName\":\"search_term_string\"}}],\"inLanguage\":\"en-US\"}]}<\/script>\n<!-- \/ Yoast SEO plugin. -->","yoast_head_json":{"title":"BATON DOBRA KALORIA - S\u0142odycze z Pomys\u0142em","robots":{"index":"noindex","follow":"follow","max-snippet":"max-snippet:-1","max-image-preview":"max-image-preview:large","max-video-preview":"max-video-preview:-1"},"og_locale":"en_US","og_type":"article","og_title":"BATON DOBRA KALORIA - S\u0142odycze z Pomys\u0142em","og_description":"Baton wykonany z naturalnych sk\u0142adnik\u00f3w bez dodatku cukru, z wysok\u0105 zawarto\u015bci\u0105 b\u0142onnika. dost\u0119pne smaki: kawa i orzech, kakao i orzech, [&hellip;]","og_url":"https:\/\/nowysklep.slodyczezpomyslem.pl\/produkt\/baton-dobra-kaloria\/","og_site_name":"S\u0142odycze z Pomys\u0142em","article_modified_time":"2025-09-30T11:48:11+00:00","og_image":[{"width":850,"height":602,"url":"https:\/\/nowysklep.slodyczezpomyslem.pl\/wp-content\/uploads\/2025\/06\/10_11_02.jpg","type":"image\/jpeg"}],"twitter_card":"summary_large_image","schema":{"@context":"https:\/\/schema.org","@graph":[{"@type":"WebPage","@id":"https:\/\/nowysklep.slodyczezpomyslem.pl\/produkt\/baton-dobra-kaloria\/","url":"https:\/\/nowysklep.slodyczezpomyslem.pl\/produkt\/baton-dobra-kaloria\/","name":"BATON DOBRA KALORIA - S\u0142odycze z Pomys\u0142em","isPartOf":{"@id":"https:\/\/nowysklep.slodyczezpomyslem.pl\/#website"},"primaryImageOfPage":{"@id":"https:\/\/nowysklep.slodyczezpomyslem.pl\/produkt\/baton-dobra-kaloria\/#primaryimage"},"image":{"@id":"https:\/\/nowysklep.slodyczezpomyslem.pl\/produkt\/baton-dobra-kaloria\/#primaryimage"},"thumbnailUrl":"https:\/\/nowysklep.slodyczezpomyslem.pl\/wp-content\/uploads\/2025\/06\/10_11_02.jpg","datePublished":"2017-05-17T05:13:00+00:00","dateModified":"2025-09-30T11:48:11+00:00","breadcrumb":{"@id":"https:\/\/nowysklep.slodyczezpomyslem.pl\/produkt\/baton-dobra-kaloria\/#breadcrumb"},"inLanguage":"en-US","potentialAction":[{"@type":"ReadAction","target":["https:\/\/nowysklep.slodyczezpomyslem.pl\/produkt\/baton-dobra-kaloria\/"]}]},{"@type":"ImageObject","inLanguage":"en-US","@id":"https:\/\/nowysklep.slodyczezpomyslem.pl\/produkt\/baton-dobra-kaloria\/#primaryimage","url":"https:\/\/nowysklep.slodyczezpomyslem.pl\/wp-content\/uploads\/2025\/06\/10_11_02.jpg","contentUrl":"https:\/\/nowysklep.slodyczezpomyslem.pl\/wp-content\/uploads\/2025\/06\/10_11_02.jpg","width":850,"height":602},{"@type":"BreadcrumbList","@id":"https:\/\/nowysklep.slodyczezpomyslem.pl\/produkt\/baton-dobra-kaloria\/#breadcrumb","itemListElement":[{"@type":"ListItem","position":1,"name":"Strona g\u0142\u00f3wna","item":"https:\/\/nowysklep.slodyczezpomyslem.pl\/en\/"},{"@type":"ListItem","position":2,"name":"Shop","item":"https:\/\/nowysklep.slodyczezpomyslem.pl\/en\/shop\/"},{"@type":"ListItem","position":3,"name":"BATON DOBRA KALORIA"}]},{"@type":"WebSite","@id":"https:\/\/nowysklep.slodyczezpomyslem.pl\/#website","url":"https:\/\/nowysklep.slodyczezpomyslem.pl\/","name":"S\u0142odycze z Pomys\u0142em","description":"","potentialAction":[{"@type":"SearchAction","target":{"@type":"EntryPoint","urlTemplate":"https:\/\/nowysklep.slodyczezpomyslem.pl\/?s={search_term_string}"},"query-input":{"@type":"PropertyValueSpecification","valueRequired":true,"valueName":"search_term_string"}}],"inLanguage":"en-US"}]}},"_links":{"self":[{"href":"https:\/\/nowysklep.slodyczezpomyslem.pl\/en\/wp-json\/wp\/v2\/product\/2258","targetHints":{"allow":["GET"]}}],"collection":[{"href":"https:\/\/nowysklep.slodyczezpomyslem.pl\/en\/wp-json\/wp\/v2\/product"}],"about":[{"href":"https:\/\/nowysklep.slodyczezpomyslem.pl\/en\/wp-json\/wp\/v2\/types\/product"}],"replies":[{"embeddable":true,"href":"https:\/\/nowysklep.slodyczezpomyslem.pl\/en\/wp-json\/wp\/v2\/comments?post=2258"}],"version-history":[{"count":1,"href":"https:\/\/nowysklep.slodyczezpomyslem.pl\/en\/wp-json\/wp\/v2\/product\/2258\/revisions"}],"predecessor-version":[{"id":16797,"href":"https:\/\/nowysklep.slodyczezpomyslem.pl\/en\/wp-json\/wp\/v2\/product\/2258\/revisions\/16797"}],"wp:featuredmedia":[{"embeddable":true,"href":"https:\/\/nowysklep.slodyczezpomyslem.pl\/en\/wp-json\/wp\/v2\/media\/2259"}],"wp:attachment":[{"href":"https:\/\/nowysklep.slodyczezpomyslem.pl\/en\/wp-json\/wp\/v2\/media?parent=2258"}],"wp:term":[{"taxonomy":"product_brand","embeddable":true,"href":"https:\/\/nowysklep.slodyczezpomyslem.pl\/en\/wp-json\/wp\/v2\/product_brand?post=2258"},{"taxonomy":"product_cat","embeddable":true,"href":"https:\/\/nowysklep.slodyczezpomyslem.pl\/en\/wp-json\/wp\/v2\/product_cat?post=2258"},{"taxonomy":"product_tag","embeddable":true,"href":"https:\/\/nowysklep.slodyczezpomyslem.pl\/en\/wp-json\/wp\/v2\/product_tag?post=2258"}],"curies":[{"name":"wp","href":"https:\/\/api.w.org\/{rel}","templated":true}]}}