{"id":1877,"date":"2017-03-17T09:33:00","date_gmt":"2017-03-17T08:33:00","guid":{"rendered":"https:\/\/slodyczezpomyslem.invette.dev\/produkt\/lizaki-jednokolorowe-naklejka-reklamowa\/"},"modified":"2025-09-30T13:49:36","modified_gmt":"2025-09-30T11:49:36","slug":"lizaki-jednokolorowe-naklejka-reklamowa","status":"publish","type":"product","link":"https:\/\/nowysklep.slodyczezpomyslem.pl\/en\/produkt\/lizaki-jednokolorowe-naklejka-reklamowa\/","title":{"rendered":"LIZAKI JEDNOKOLOROWE Z NAKLEJK\u0104 REKLAMOW\u0104"},"content":{"rendered":"<p><strong>Okr\u0105g\u0142e lizaki owocowe o \u015brednicy 80 mm o r\u00f3\u017cnych kolorach i smakach.<\/strong><\/p>\n<ul>\n<li>dost\u0119pne kolory i smaki na zapytanie<\/li>\n<li>ca\u0142o\u015b\u0107 opakowana w przezroczyst\u0105 foli\u0119<\/li>\n<li>okr\u0105g\u0142a samoprzylepna naklejka z dowolnym nadrukiem reklamowym o \u015brednicy 70 mm<\/li>\n<li>z ty\u0142u lizaka umieszczona jest ma\u0142a, bia\u0142a etykietka ze sk\u0142adem oraz terminem przydatno\u015bci<\/li>\n<\/ul>\n","protected":false},"excerpt":{"rendered":"<p>Okr\u0105g\u0142e lizaki owocowe o \u015brednicy 80 mm o r\u00f3\u017cnych kolorach i smakach. dost\u0119pne kolory i smaki na zapytanie ca\u0142o\u015b\u0107 opakowana [&hellip;]<\/p>\n","protected":false},"featured_media":1878,"comment_status":"open","ping_status":"open","template":"","meta":{"_acf_changed":false,"site-sidebar-layout":"","site-content-layout":"","ast-site-content-layout":"","site-content-style":"","site-sidebar-style":"","ast-global-header-display":"","ast-banner-title-visibility":"","ast-main-header-display":"","ast-hfb-above-header-display":"","ast-hfb-below-header-display":"","ast-hfb-mobile-header-display":"","site-post-title":"","ast-breadcrumbs-content":"","ast-featured-img":"","footer-sml-layout":"","theme-transparent-header-meta":"","adv-header-id-meta":"","stick-header-meta":"","header-above-stick-meta":"","header-main-stick-meta":"","header-below-stick-meta":"","astra-migrate-meta-layouts":"","ast-page-background-enabled":"default","ast-page-background-meta":{"desktop":{"background-color":"var(--ast-global-color-5)","background-image":"","background-repeat":"repeat","background-position":"center center","background-size":"auto","background-attachment":"scroll","background-type":"","background-media":"","overlay-type":"","overlay-color":"","overlay-opacity":"","overlay-gradient":""},"tablet":{"background-color":"","background-image":"","background-repeat":"repeat","background-position":"center center","background-size":"auto","background-attachment":"scroll","background-type":"","background-media":"","overlay-type":"","overlay-color":"","overlay-opacity":"","overlay-gradient":""},"mobile":{"background-color":"","background-image":"","background-repeat":"repeat","background-position":"center center","background-size":"auto","background-attachment":"scroll","background-type":"","background-media":"","overlay-type":"","overlay-color":"","overlay-opacity":"","overlay-gradient":""}},"ast-content-background-meta":{"desktop":{"background-color":"var(--ast-global-color-4)","background-image":"","background-repeat":"repeat","background-position":"center center","background-size":"auto","background-attachment":"scroll","background-type":"","background-media":"","overlay-type":"","overlay-color":"","overlay-opacity":"","overlay-gradient":""},"tablet":{"background-color":"var(--ast-global-color-4)","background-image":"","background-repeat":"repeat","background-position":"center center","background-size":"auto","background-attachment":"scroll","background-type":"","background-media":"","overlay-type":"","overlay-color":"","overlay-opacity":"","overlay-gradient":""},"mobile":{"background-color":"var(--ast-global-color-4)","background-image":"","background-repeat":"repeat","background-position":"center center","background-size":"auto","background-attachment":"scroll","background-type":"","background-media":"","overlay-type":"","overlay-color":"","overlay-opacity":"","overlay-gradient":""}}},"product_brand":[],"product_cat":[368,50],"product_tag":[],"class_list":{"0":"post-1877","1":"product","2":"type-product","3":"status-publish","4":"has-post-thumbnail","6":"product_cat-lizaki-produkty","7":"product_cat-produkty","8":"pa_minimalne-zamowienie-1000-szt-en","9":"pa_minimalne-zamowienie-1000-szt","10":"pa_okres-przydatnosci-6-miesiecy","11":"pa_okres-przydatnosci-6-miesiecy-en","12":"pa_wymiary-etykiety-70-mm-srednica-en","13":"pa_wymiary-etykiety-70-mm-srednica","14":"pa_wymiary-lizaka-80-mm-srednica","15":"pa_wymiary-lizaka-80-mm-srednica-en","16":"desktop-align-left","17":"tablet-align-left","18":"mobile-align-left","20":"first","21":"instock","22":"shipping-taxable","23":"purchasable","24":"product-type-simple"},"acf":[],"yoast_head":"<!-- This site is optimized with the Yoast SEO plugin v26.6 - https:\/\/yoast.com\/wordpress\/plugins\/seo\/ -->\n<title>LIZAKI JEDNOKOLOROWE Z NAKLEJK\u0104 REKLAMOW\u0104 - S\u0142odycze z Pomys\u0142em<\/title>\n<meta name=\"robots\" content=\"noindex, follow, max-snippet:-1, max-image-preview:large, max-video-preview:-1\" \/>\n<meta property=\"og:locale\" content=\"en_US\" \/>\n<meta property=\"og:type\" content=\"article\" \/>\n<meta property=\"og:title\" content=\"LIZAKI JEDNOKOLOROWE Z NAKLEJK\u0104 REKLAMOW\u0104 - S\u0142odycze z Pomys\u0142em\" \/>\n<meta property=\"og:description\" content=\"Okr\u0105g\u0142e lizaki owocowe o \u015brednicy 80 mm o r\u00f3\u017cnych kolorach i smakach. dost\u0119pne kolory i smaki na zapytanie ca\u0142o\u015b\u0107 opakowana [&hellip;]\" \/>\n<meta property=\"og:url\" content=\"https:\/\/nowysklep.slodyczezpomyslem.pl\/produkt\/lizaki-jednokolorowe-naklejka-reklamowa\/\" \/>\n<meta property=\"og:site_name\" content=\"S\u0142odycze z Pomys\u0142em\" \/>\n<meta property=\"article:modified_time\" content=\"2025-09-30T11:49:36+00:00\" \/>\n<meta property=\"og:image\" content=\"https:\/\/nowysklep.slodyczezpomyslem.pl\/wp-content\/uploads\/2025\/06\/11.14_01.jpg\" \/>\n\t<meta property=\"og:image:width\" content=\"750\" \/>\n\t<meta property=\"og:image:height\" content=\"531\" \/>\n\t<meta property=\"og:image:type\" content=\"image\/jpeg\" \/>\n<meta name=\"twitter:card\" content=\"summary_large_image\" \/>\n<script type=\"application\/ld+json\" class=\"yoast-schema-graph\">{\"@context\":\"https:\/\/schema.org\",\"@graph\":[{\"@type\":\"WebPage\",\"@id\":\"https:\/\/nowysklep.slodyczezpomyslem.pl\/produkt\/lizaki-jednokolorowe-naklejka-reklamowa\/\",\"url\":\"https:\/\/nowysklep.slodyczezpomyslem.pl\/produkt\/lizaki-jednokolorowe-naklejka-reklamowa\/\",\"name\":\"LIZAKI JEDNOKOLOROWE Z NAKLEJK\u0104 REKLAMOW\u0104 - S\u0142odycze z Pomys\u0142em\",\"isPartOf\":{\"@id\":\"https:\/\/nowysklep.slodyczezpomyslem.pl\/#website\"},\"primaryImageOfPage\":{\"@id\":\"https:\/\/nowysklep.slodyczezpomyslem.pl\/produkt\/lizaki-jednokolorowe-naklejka-reklamowa\/#primaryimage\"},\"image\":{\"@id\":\"https:\/\/nowysklep.slodyczezpomyslem.pl\/produkt\/lizaki-jednokolorowe-naklejka-reklamowa\/#primaryimage\"},\"thumbnailUrl\":\"https:\/\/nowysklep.slodyczezpomyslem.pl\/wp-content\/uploads\/2025\/06\/11.14_01.jpg\",\"datePublished\":\"2017-03-17T08:33:00+00:00\",\"dateModified\":\"2025-09-30T11:49:36+00:00\",\"breadcrumb\":{\"@id\":\"https:\/\/nowysklep.slodyczezpomyslem.pl\/produkt\/lizaki-jednokolorowe-naklejka-reklamowa\/#breadcrumb\"},\"inLanguage\":\"en-US\",\"potentialAction\":[{\"@type\":\"ReadAction\",\"target\":[\"https:\/\/nowysklep.slodyczezpomyslem.pl\/produkt\/lizaki-jednokolorowe-naklejka-reklamowa\/\"]}]},{\"@type\":\"ImageObject\",\"inLanguage\":\"en-US\",\"@id\":\"https:\/\/nowysklep.slodyczezpomyslem.pl\/produkt\/lizaki-jednokolorowe-naklejka-reklamowa\/#primaryimage\",\"url\":\"https:\/\/nowysklep.slodyczezpomyslem.pl\/wp-content\/uploads\/2025\/06\/11.14_01.jpg\",\"contentUrl\":\"https:\/\/nowysklep.slodyczezpomyslem.pl\/wp-content\/uploads\/2025\/06\/11.14_01.jpg\",\"width\":750,\"height\":531},{\"@type\":\"BreadcrumbList\",\"@id\":\"https:\/\/nowysklep.slodyczezpomyslem.pl\/produkt\/lizaki-jednokolorowe-naklejka-reklamowa\/#breadcrumb\",\"itemListElement\":[{\"@type\":\"ListItem\",\"position\":1,\"name\":\"Strona g\u0142\u00f3wna\",\"item\":\"https:\/\/nowysklep.slodyczezpomyslem.pl\/en\/\"},{\"@type\":\"ListItem\",\"position\":2,\"name\":\"Shop\",\"item\":\"https:\/\/nowysklep.slodyczezpomyslem.pl\/en\/shop\/\"},{\"@type\":\"ListItem\",\"position\":3,\"name\":\"LIZAKI JEDNOKOLOROWE Z NAKLEJK\u0104 REKLAMOW\u0104\"}]},{\"@type\":\"WebSite\",\"@id\":\"https:\/\/nowysklep.slodyczezpomyslem.pl\/#website\",\"url\":\"https:\/\/nowysklep.slodyczezpomyslem.pl\/\",\"name\":\"S\u0142odycze z Pomys\u0142em\",\"description\":\"\",\"potentialAction\":[{\"@type\":\"SearchAction\",\"target\":{\"@type\":\"EntryPoint\",\"urlTemplate\":\"https:\/\/nowysklep.slodyczezpomyslem.pl\/?s={search_term_string}\"},\"query-input\":{\"@type\":\"PropertyValueSpecification\",\"valueRequired\":true,\"valueName\":\"search_term_string\"}}],\"inLanguage\":\"en-US\"}]}<\/script>\n<!-- \/ Yoast SEO plugin. -->","yoast_head_json":{"title":"LIZAKI JEDNOKOLOROWE Z NAKLEJK\u0104 REKLAMOW\u0104 - S\u0142odycze z Pomys\u0142em","robots":{"index":"noindex","follow":"follow","max-snippet":"max-snippet:-1","max-image-preview":"max-image-preview:large","max-video-preview":"max-video-preview:-1"},"og_locale":"en_US","og_type":"article","og_title":"LIZAKI JEDNOKOLOROWE Z NAKLEJK\u0104 REKLAMOW\u0104 - S\u0142odycze z Pomys\u0142em","og_description":"Okr\u0105g\u0142e lizaki owocowe o \u015brednicy 80 mm o r\u00f3\u017cnych kolorach i smakach. dost\u0119pne kolory i smaki na zapytanie ca\u0142o\u015b\u0107 opakowana [&hellip;]","og_url":"https:\/\/nowysklep.slodyczezpomyslem.pl\/produkt\/lizaki-jednokolorowe-naklejka-reklamowa\/","og_site_name":"S\u0142odycze z Pomys\u0142em","article_modified_time":"2025-09-30T11:49:36+00:00","og_image":[{"width":750,"height":531,"url":"https:\/\/nowysklep.slodyczezpomyslem.pl\/wp-content\/uploads\/2025\/06\/11.14_01.jpg","type":"image\/jpeg"}],"twitter_card":"summary_large_image","schema":{"@context":"https:\/\/schema.org","@graph":[{"@type":"WebPage","@id":"https:\/\/nowysklep.slodyczezpomyslem.pl\/produkt\/lizaki-jednokolorowe-naklejka-reklamowa\/","url":"https:\/\/nowysklep.slodyczezpomyslem.pl\/produkt\/lizaki-jednokolorowe-naklejka-reklamowa\/","name":"LIZAKI JEDNOKOLOROWE Z NAKLEJK\u0104 REKLAMOW\u0104 - S\u0142odycze z Pomys\u0142em","isPartOf":{"@id":"https:\/\/nowysklep.slodyczezpomyslem.pl\/#website"},"primaryImageOfPage":{"@id":"https:\/\/nowysklep.slodyczezpomyslem.pl\/produkt\/lizaki-jednokolorowe-naklejka-reklamowa\/#primaryimage"},"image":{"@id":"https:\/\/nowysklep.slodyczezpomyslem.pl\/produkt\/lizaki-jednokolorowe-naklejka-reklamowa\/#primaryimage"},"thumbnailUrl":"https:\/\/nowysklep.slodyczezpomyslem.pl\/wp-content\/uploads\/2025\/06\/11.14_01.jpg","datePublished":"2017-03-17T08:33:00+00:00","dateModified":"2025-09-30T11:49:36+00:00","breadcrumb":{"@id":"https:\/\/nowysklep.slodyczezpomyslem.pl\/produkt\/lizaki-jednokolorowe-naklejka-reklamowa\/#breadcrumb"},"inLanguage":"en-US","potentialAction":[{"@type":"ReadAction","target":["https:\/\/nowysklep.slodyczezpomyslem.pl\/produkt\/lizaki-jednokolorowe-naklejka-reklamowa\/"]}]},{"@type":"ImageObject","inLanguage":"en-US","@id":"https:\/\/nowysklep.slodyczezpomyslem.pl\/produkt\/lizaki-jednokolorowe-naklejka-reklamowa\/#primaryimage","url":"https:\/\/nowysklep.slodyczezpomyslem.pl\/wp-content\/uploads\/2025\/06\/11.14_01.jpg","contentUrl":"https:\/\/nowysklep.slodyczezpomyslem.pl\/wp-content\/uploads\/2025\/06\/11.14_01.jpg","width":750,"height":531},{"@type":"BreadcrumbList","@id":"https:\/\/nowysklep.slodyczezpomyslem.pl\/produkt\/lizaki-jednokolorowe-naklejka-reklamowa\/#breadcrumb","itemListElement":[{"@type":"ListItem","position":1,"name":"Strona g\u0142\u00f3wna","item":"https:\/\/nowysklep.slodyczezpomyslem.pl\/en\/"},{"@type":"ListItem","position":2,"name":"Shop","item":"https:\/\/nowysklep.slodyczezpomyslem.pl\/en\/shop\/"},{"@type":"ListItem","position":3,"name":"LIZAKI JEDNOKOLOROWE Z NAKLEJK\u0104 REKLAMOW\u0104"}]},{"@type":"WebSite","@id":"https:\/\/nowysklep.slodyczezpomyslem.pl\/#website","url":"https:\/\/nowysklep.slodyczezpomyslem.pl\/","name":"S\u0142odycze z Pomys\u0142em","description":"","potentialAction":[{"@type":"SearchAction","target":{"@type":"EntryPoint","urlTemplate":"https:\/\/nowysklep.slodyczezpomyslem.pl\/?s={search_term_string}"},"query-input":{"@type":"PropertyValueSpecification","valueRequired":true,"valueName":"search_term_string"}}],"inLanguage":"en-US"}]}},"_links":{"self":[{"href":"https:\/\/nowysklep.slodyczezpomyslem.pl\/en\/wp-json\/wp\/v2\/product\/1877","targetHints":{"allow":["GET"]}}],"collection":[{"href":"https:\/\/nowysklep.slodyczezpomyslem.pl\/en\/wp-json\/wp\/v2\/product"}],"about":[{"href":"https:\/\/nowysklep.slodyczezpomyslem.pl\/en\/wp-json\/wp\/v2\/types\/product"}],"replies":[{"embeddable":true,"href":"https:\/\/nowysklep.slodyczezpomyslem.pl\/en\/wp-json\/wp\/v2\/comments?post=1877"}],"version-history":[{"count":1,"href":"https:\/\/nowysklep.slodyczezpomyslem.pl\/en\/wp-json\/wp\/v2\/product\/1877\/revisions"}],"predecessor-version":[{"id":16965,"href":"https:\/\/nowysklep.slodyczezpomyslem.pl\/en\/wp-json\/wp\/v2\/product\/1877\/revisions\/16965"}],"wp:featuredmedia":[{"embeddable":true,"href":"https:\/\/nowysklep.slodyczezpomyslem.pl\/en\/wp-json\/wp\/v2\/media\/1878"}],"wp:attachment":[{"href":"https:\/\/nowysklep.slodyczezpomyslem.pl\/en\/wp-json\/wp\/v2\/media?parent=1877"}],"wp:term":[{"taxonomy":"product_brand","embeddable":true,"href":"https:\/\/nowysklep.slodyczezpomyslem.pl\/en\/wp-json\/wp\/v2\/product_brand?post=1877"},{"taxonomy":"product_cat","embeddable":true,"href":"https:\/\/nowysklep.slodyczezpomyslem.pl\/en\/wp-json\/wp\/v2\/product_cat?post=1877"},{"taxonomy":"product_tag","embeddable":true,"href":"https:\/\/nowysklep.slodyczezpomyslem.pl\/en\/wp-json\/wp\/v2\/product_tag?post=1877"}],"curies":[{"name":"wp","href":"https:\/\/api.w.org\/{rel}","templated":true}]}}