{"id":17994,"date":"2025-12-17T18:21:01","date_gmt":"2025-12-17T17:21:01","guid":{"rendered":"https:\/\/nowysklep.slodyczezpomyslem.pl\/produkt\/swiateczny-torcik-piernikowy\/"},"modified":"2025-12-17T19:21:47","modified_gmt":"2025-12-17T18:21:47","slug":"swiateczny-torcik-piernikowy","status":"publish","type":"product","link":"https:\/\/nowysklep.slodyczezpomyslem.pl\/en\/produkt\/swiateczny-torcik-piernikowy\/","title":{"rendered":"SZE\u015aCIOK\u0104TNY KALENDARZ ADWENTOWY (21.60)"},"content":{"rendered":"<p>\u2022 sze\u015bciok\u0105tny kalendarz adwentowy zawieraj\u0105cy 24 pralinki<br data-start=\"230\" data-end=\"233\" \/>\u2022 w ka\u017cdym kalendarzu mix czterech wybranych smak\u00f3w pralin:<br data-start=\"292\" data-end=\"295\" \/>\u2013 truflowe w granatowej folii<br data-start=\"324\" data-end=\"327\" \/>\u2013 malinowe w r\u00f3\u017cowej folii<br data-start=\"353\" data-end=\"356\" \/>\u2013 waniliowe w z\u0142otej folii<br data-start=\"382\" data-end=\"385\" \/>\u2013 orzechowe w zielonej folii<br data-start=\"413\" data-end=\"416\" \/>\u2013 wi\u015bniowe w czerwonej folii<br data-start=\"444\" data-end=\"447\" \/>\u2013 karmelowe w pomara\u0144czowej folii<br data-start=\"480\" data-end=\"483\" \/>\u2022 pude\u0142ko wykonane z bia\u0142ego kartonu z dowolnym nadrukiem reklamowym CMYK<\/p>\n","protected":false},"excerpt":{"rendered":"<p>\u2022 sze\u015bciok\u0105tny kalendarz adwentowy zawieraj\u0105cy 24 pralinki\u2022 w ka\u017cdym kalendarzu mix czterech wybranych smak\u00f3w pralin:\u2013 truflowe w granatowej folii\u2013 malinowe [&hellip;]<\/p>\n","protected":false},"featured_media":17653,"comment_status":"closed","ping_status":"closed","template":"","meta":{"_acf_changed":false,"site-sidebar-layout":"default","site-content-layout":"","ast-site-content-layout":"default","site-content-style":"default","site-sidebar-style":"default","ast-global-header-display":"","ast-banner-title-visibility":"","ast-main-header-display":"","ast-hfb-above-header-display":"","ast-hfb-below-header-display":"","ast-hfb-mobile-header-display":"","site-post-title":"","ast-breadcrumbs-content":"","ast-featured-img":"","footer-sml-layout":"","theme-transparent-header-meta":"default","adv-header-id-meta":"","stick-header-meta":"","header-above-stick-meta":"","header-main-stick-meta":"","header-below-stick-meta":"","astra-migrate-meta-layouts":"set","ast-page-background-enabled":"default","ast-page-background-meta":{"desktop":{"background-color":"var(--ast-global-color-5)","background-image":"","background-repeat":"repeat","background-position":"center center","background-size":"auto","background-attachment":"scroll","background-type":"","background-media":"","overlay-type":"","overlay-color":"","overlay-opacity":"","overlay-gradient":""},"tablet":{"background-color":"","background-image":"","background-repeat":"repeat","background-position":"center center","background-size":"auto","background-attachment":"scroll","background-type":"","background-media":"","overlay-type":"","overlay-color":"","overlay-opacity":"","overlay-gradient":""},"mobile":{"background-color":"","background-image":"","background-repeat":"repeat","background-position":"center center","background-size":"auto","background-attachment":"scroll","background-type":"","background-media":"","overlay-type":"","overlay-color":"","overlay-opacity":"","overlay-gradient":""}},"ast-content-background-meta":{"desktop":{"background-color":"var(--ast-global-color-4)","background-image":"","background-repeat":"repeat","background-position":"center center","background-size":"auto","background-attachment":"scroll","background-type":"","background-media":"","overlay-type":"","overlay-color":"","overlay-opacity":"","overlay-gradient":""},"tablet":{"background-color":"var(--ast-global-color-4)","background-image":"","background-repeat":"repeat","background-position":"center center","background-size":"auto","background-attachment":"scroll","background-type":"","background-media":"","overlay-type":"","overlay-color":"","overlay-opacity":"","overlay-gradient":""},"mobile":{"background-color":"var(--ast-global-color-4)","background-image":"","background-repeat":"repeat","background-position":"center center","background-size":"auto","background-attachment":"scroll","background-type":"","background-media":"","overlay-type":"","overlay-color":"","overlay-opacity":"","overlay-gradient":""}}},"product_brand":[],"product_cat":[862,50],"product_tag":[],"class_list":{"0":"post-17994","1":"product","2":"type-product","3":"status-publish","4":"has-post-thumbnail","6":"product_cat-nowosci","7":"product_cat-produkty","8":"pa_masa-netto-brutto-345-430-g-en","9":"pa_masa-netto-brutto-345-430-g","10":"pa_minimalne-zamowienie-100-szt-en","11":"pa_minimalne-zamowienie-100-szt","12":"pa_okres-przydatnosci-6-miesiecy","13":"pa_okres-przydatnosci-6-miesiecy-en","14":"pa_wymiary-produktu-srednica-120mm-wysokosc-184mm-en","15":"pa_wymiary-produktu-srednica-120mm-wysokosc-184mm","16":"desktop-align-left","17":"tablet-align-left","18":"mobile-align-left","20":"first","21":"instock","22":"purchasable","23":"product-type-simple"},"acf":[],"yoast_head":"<!-- This site is optimized with the Yoast SEO plugin v26.6 - https:\/\/yoast.com\/wordpress\/plugins\/seo\/ -->\n<title>SZE\u015aCIOK\u0104TNY KALENDARZ ADWENTOWY (21.60) - S\u0142odycze z Pomys\u0142em<\/title>\n<meta name=\"robots\" content=\"noindex, follow, max-snippet:-1, max-image-preview:large, max-video-preview:-1\" \/>\n<meta property=\"og:locale\" content=\"en_US\" \/>\n<meta property=\"og:type\" content=\"article\" \/>\n<meta property=\"og:title\" content=\"SZE\u015aCIOK\u0104TNY KALENDARZ ADWENTOWY (21.60) - S\u0142odycze z Pomys\u0142em\" \/>\n<meta property=\"og:description\" content=\"\u2022 sze\u015bciok\u0105tny kalendarz adwentowy zawieraj\u0105cy 24 pralinki\u2022 w ka\u017cdym kalendarzu mix czterech wybranych smak\u00f3w pralin:\u2013 truflowe w granatowej folii\u2013 malinowe [&hellip;]\" \/>\n<meta property=\"og:url\" content=\"https:\/\/nowysklep.slodyczezpomyslem.pl\/produkt\/swiateczny-torcik-piernikowy\/\" \/>\n<meta property=\"og:site_name\" content=\"S\u0142odycze z Pomys\u0142em\" \/>\n<meta property=\"article:modified_time\" content=\"2025-12-17T18:21:47+00:00\" \/>\n<meta property=\"og:image\" content=\"https:\/\/nowysklep.slodyczezpomyslem.pl\/wp-content\/uploads\/2025\/11\/21.60_2025_01.jpg\" \/>\n\t<meta property=\"og:image:width\" content=\"1200\" \/>\n\t<meta property=\"og:image:height\" content=\"900\" \/>\n\t<meta property=\"og:image:type\" content=\"image\/jpeg\" \/>\n<meta name=\"twitter:card\" content=\"summary_large_image\" \/>\n<meta name=\"twitter:label1\" content=\"Est. reading time\" \/>\n\t<meta name=\"twitter:data1\" content=\"1 minute\" \/>\n<script type=\"application\/ld+json\" class=\"yoast-schema-graph\">{\"@context\":\"https:\/\/schema.org\",\"@graph\":[{\"@type\":\"WebPage\",\"@id\":\"https:\/\/nowysklep.slodyczezpomyslem.pl\/produkt\/swiateczny-torcik-piernikowy\/\",\"url\":\"https:\/\/nowysklep.slodyczezpomyslem.pl\/produkt\/swiateczny-torcik-piernikowy\/\",\"name\":\"SZE\u015aCIOK\u0104TNY KALENDARZ ADWENTOWY (21.60) - S\u0142odycze z Pomys\u0142em\",\"isPartOf\":{\"@id\":\"https:\/\/nowysklep.slodyczezpomyslem.pl\/#website\"},\"primaryImageOfPage\":{\"@id\":\"https:\/\/nowysklep.slodyczezpomyslem.pl\/produkt\/swiateczny-torcik-piernikowy\/#primaryimage\"},\"image\":{\"@id\":\"https:\/\/nowysklep.slodyczezpomyslem.pl\/produkt\/swiateczny-torcik-piernikowy\/#primaryimage\"},\"thumbnailUrl\":\"https:\/\/nowysklep.slodyczezpomyslem.pl\/wp-content\/uploads\/2025\/11\/21.60_2025_01.jpg\",\"datePublished\":\"2025-12-17T17:21:01+00:00\",\"dateModified\":\"2025-12-17T18:21:47+00:00\",\"breadcrumb\":{\"@id\":\"https:\/\/nowysklep.slodyczezpomyslem.pl\/produkt\/swiateczny-torcik-piernikowy\/#breadcrumb\"},\"inLanguage\":\"en-US\",\"potentialAction\":[{\"@type\":\"ReadAction\",\"target\":[\"https:\/\/nowysklep.slodyczezpomyslem.pl\/produkt\/swiateczny-torcik-piernikowy\/\"]}]},{\"@type\":\"ImageObject\",\"inLanguage\":\"en-US\",\"@id\":\"https:\/\/nowysklep.slodyczezpomyslem.pl\/produkt\/swiateczny-torcik-piernikowy\/#primaryimage\",\"url\":\"https:\/\/nowysklep.slodyczezpomyslem.pl\/wp-content\/uploads\/2025\/11\/21.60_2025_01.jpg\",\"contentUrl\":\"https:\/\/nowysklep.slodyczezpomyslem.pl\/wp-content\/uploads\/2025\/11\/21.60_2025_01.jpg\",\"width\":1200,\"height\":900},{\"@type\":\"BreadcrumbList\",\"@id\":\"https:\/\/nowysklep.slodyczezpomyslem.pl\/produkt\/swiateczny-torcik-piernikowy\/#breadcrumb\",\"itemListElement\":[{\"@type\":\"ListItem\",\"position\":1,\"name\":\"Strona g\u0142\u00f3wna\",\"item\":\"https:\/\/nowysklep.slodyczezpomyslem.pl\/en\/\"},{\"@type\":\"ListItem\",\"position\":2,\"name\":\"Shop\",\"item\":\"https:\/\/nowysklep.slodyczezpomyslem.pl\/en\/shop\/\"},{\"@type\":\"ListItem\",\"position\":3,\"name\":\"SZE\u015aCIOK\u0104TNY KALENDARZ ADWENTOWY (21.60)\"}]},{\"@type\":\"WebSite\",\"@id\":\"https:\/\/nowysklep.slodyczezpomyslem.pl\/#website\",\"url\":\"https:\/\/nowysklep.slodyczezpomyslem.pl\/\",\"name\":\"S\u0142odycze z Pomys\u0142em\",\"description\":\"\",\"potentialAction\":[{\"@type\":\"SearchAction\",\"target\":{\"@type\":\"EntryPoint\",\"urlTemplate\":\"https:\/\/nowysklep.slodyczezpomyslem.pl\/?s={search_term_string}\"},\"query-input\":{\"@type\":\"PropertyValueSpecification\",\"valueRequired\":true,\"valueName\":\"search_term_string\"}}],\"inLanguage\":\"en-US\"}]}<\/script>\n<!-- \/ Yoast SEO plugin. -->","yoast_head_json":{"title":"SZE\u015aCIOK\u0104TNY KALENDARZ ADWENTOWY (21.60) - S\u0142odycze z Pomys\u0142em","robots":{"index":"noindex","follow":"follow","max-snippet":"max-snippet:-1","max-image-preview":"max-image-preview:large","max-video-preview":"max-video-preview:-1"},"og_locale":"en_US","og_type":"article","og_title":"SZE\u015aCIOK\u0104TNY KALENDARZ ADWENTOWY (21.60) - S\u0142odycze z Pomys\u0142em","og_description":"\u2022 sze\u015bciok\u0105tny kalendarz adwentowy zawieraj\u0105cy 24 pralinki\u2022 w ka\u017cdym kalendarzu mix czterech wybranych smak\u00f3w pralin:\u2013 truflowe w granatowej folii\u2013 malinowe [&hellip;]","og_url":"https:\/\/nowysklep.slodyczezpomyslem.pl\/produkt\/swiateczny-torcik-piernikowy\/","og_site_name":"S\u0142odycze z Pomys\u0142em","article_modified_time":"2025-12-17T18:21:47+00:00","og_image":[{"width":1200,"height":900,"url":"https:\/\/nowysklep.slodyczezpomyslem.pl\/wp-content\/uploads\/2025\/11\/21.60_2025_01.jpg","type":"image\/jpeg"}],"twitter_card":"summary_large_image","twitter_misc":{"Est. reading time":"1 minute"},"schema":{"@context":"https:\/\/schema.org","@graph":[{"@type":"WebPage","@id":"https:\/\/nowysklep.slodyczezpomyslem.pl\/produkt\/swiateczny-torcik-piernikowy\/","url":"https:\/\/nowysklep.slodyczezpomyslem.pl\/produkt\/swiateczny-torcik-piernikowy\/","name":"SZE\u015aCIOK\u0104TNY KALENDARZ ADWENTOWY (21.60) - S\u0142odycze z Pomys\u0142em","isPartOf":{"@id":"https:\/\/nowysklep.slodyczezpomyslem.pl\/#website"},"primaryImageOfPage":{"@id":"https:\/\/nowysklep.slodyczezpomyslem.pl\/produkt\/swiateczny-torcik-piernikowy\/#primaryimage"},"image":{"@id":"https:\/\/nowysklep.slodyczezpomyslem.pl\/produkt\/swiateczny-torcik-piernikowy\/#primaryimage"},"thumbnailUrl":"https:\/\/nowysklep.slodyczezpomyslem.pl\/wp-content\/uploads\/2025\/11\/21.60_2025_01.jpg","datePublished":"2025-12-17T17:21:01+00:00","dateModified":"2025-12-17T18:21:47+00:00","breadcrumb":{"@id":"https:\/\/nowysklep.slodyczezpomyslem.pl\/produkt\/swiateczny-torcik-piernikowy\/#breadcrumb"},"inLanguage":"en-US","potentialAction":[{"@type":"ReadAction","target":["https:\/\/nowysklep.slodyczezpomyslem.pl\/produkt\/swiateczny-torcik-piernikowy\/"]}]},{"@type":"ImageObject","inLanguage":"en-US","@id":"https:\/\/nowysklep.slodyczezpomyslem.pl\/produkt\/swiateczny-torcik-piernikowy\/#primaryimage","url":"https:\/\/nowysklep.slodyczezpomyslem.pl\/wp-content\/uploads\/2025\/11\/21.60_2025_01.jpg","contentUrl":"https:\/\/nowysklep.slodyczezpomyslem.pl\/wp-content\/uploads\/2025\/11\/21.60_2025_01.jpg","width":1200,"height":900},{"@type":"BreadcrumbList","@id":"https:\/\/nowysklep.slodyczezpomyslem.pl\/produkt\/swiateczny-torcik-piernikowy\/#breadcrumb","itemListElement":[{"@type":"ListItem","position":1,"name":"Strona g\u0142\u00f3wna","item":"https:\/\/nowysklep.slodyczezpomyslem.pl\/en\/"},{"@type":"ListItem","position":2,"name":"Shop","item":"https:\/\/nowysklep.slodyczezpomyslem.pl\/en\/shop\/"},{"@type":"ListItem","position":3,"name":"SZE\u015aCIOK\u0104TNY KALENDARZ ADWENTOWY (21.60)"}]},{"@type":"WebSite","@id":"https:\/\/nowysklep.slodyczezpomyslem.pl\/#website","url":"https:\/\/nowysklep.slodyczezpomyslem.pl\/","name":"S\u0142odycze z Pomys\u0142em","description":"","potentialAction":[{"@type":"SearchAction","target":{"@type":"EntryPoint","urlTemplate":"https:\/\/nowysklep.slodyczezpomyslem.pl\/?s={search_term_string}"},"query-input":{"@type":"PropertyValueSpecification","valueRequired":true,"valueName":"search_term_string"}}],"inLanguage":"en-US"}]}},"_links":{"self":[{"href":"https:\/\/nowysklep.slodyczezpomyslem.pl\/en\/wp-json\/wp\/v2\/product\/17994","targetHints":{"allow":["GET"]}}],"collection":[{"href":"https:\/\/nowysklep.slodyczezpomyslem.pl\/en\/wp-json\/wp\/v2\/product"}],"about":[{"href":"https:\/\/nowysklep.slodyczezpomyslem.pl\/en\/wp-json\/wp\/v2\/types\/product"}],"replies":[{"embeddable":true,"href":"https:\/\/nowysklep.slodyczezpomyslem.pl\/en\/wp-json\/wp\/v2\/comments?post=17994"}],"version-history":[{"count":3,"href":"https:\/\/nowysklep.slodyczezpomyslem.pl\/en\/wp-json\/wp\/v2\/product\/17994\/revisions"}],"predecessor-version":[{"id":18037,"href":"https:\/\/nowysklep.slodyczezpomyslem.pl\/en\/wp-json\/wp\/v2\/product\/17994\/revisions\/18037"}],"wp:featuredmedia":[{"embeddable":true,"href":"https:\/\/nowysklep.slodyczezpomyslem.pl\/en\/wp-json\/wp\/v2\/media\/17653"}],"wp:attachment":[{"href":"https:\/\/nowysklep.slodyczezpomyslem.pl\/en\/wp-json\/wp\/v2\/media?parent=17994"}],"wp:term":[{"taxonomy":"product_brand","embeddable":true,"href":"https:\/\/nowysklep.slodyczezpomyslem.pl\/en\/wp-json\/wp\/v2\/product_brand?post=17994"},{"taxonomy":"product_cat","embeddable":true,"href":"https:\/\/nowysklep.slodyczezpomyslem.pl\/en\/wp-json\/wp\/v2\/product_cat?post=17994"},{"taxonomy":"product_tag","embeddable":true,"href":"https:\/\/nowysklep.slodyczezpomyslem.pl\/en\/wp-json\/wp\/v2\/product_tag?post=17994"}],"curies":[{"name":"wp","href":"https:\/\/api.w.org\/{rel}","templated":true}]}}