{"id":13023,"date":"2024-01-04T08:08:00","date_gmt":"2024-01-04T07:08:00","guid":{"rendered":"https:\/\/slodyczezpomyslem.invette.dev\/produkt\/fortune-cookie-with-header-card-09-21\/"},"modified":"2025-11-10T11:49:43","modified_gmt":"2025-11-10T10:49:43","slug":"fortune-cookie-with-header-card-09-21","status":"publish","type":"product","link":"https:\/\/nowysklep.slodyczezpomyslem.pl\/en\/produkt\/fortune-cookie-with-header-card-09-21\/","title":{"rendered":"FORTUNE COOKIE WITH HEADER CARD"},"content":{"rendered":"<ul>\n<li>delicious and unique fortune cookie.<\/li>\n<li>paper text stripe (58 x 12 mm) with message placed inside each cookie<\/li>\n<li>in standard \u2013 up to 5 different messages per order; each message written with standard font; maximum<\/li>\n<li>message length \u2013 100 signs including spaces<\/li>\n<li>cookies packed individually in transparent foil<\/li>\n<li>additional options: red or green cookie<\/li>\n<\/ul>\n","protected":false},"excerpt":{"rendered":"<p>delicious and unique fortune cookie. paper text stripe (58 x 12 mm) with message placed inside each cookie in standard [&hellip;]<\/p>\n","protected":false},"featured_media":3756,"comment_status":"open","ping_status":"closed","template":"","meta":{"_acf_changed":false,"site-sidebar-layout":"default","site-content-layout":"","ast-site-content-layout":"default","site-content-style":"default","site-sidebar-style":"default","ast-global-header-display":"","ast-banner-title-visibility":"","ast-main-header-display":"","ast-hfb-above-header-display":"","ast-hfb-below-header-display":"","ast-hfb-mobile-header-display":"","site-post-title":"","ast-breadcrumbs-content":"","ast-featured-img":"","footer-sml-layout":"","theme-transparent-header-meta":"default","adv-header-id-meta":"","stick-header-meta":"","header-above-stick-meta":"","header-main-stick-meta":"","header-below-stick-meta":"","astra-migrate-meta-layouts":"default","ast-page-background-enabled":"default","ast-page-background-meta":{"desktop":{"background-color":"var(--ast-global-color-5)","background-image":"","background-repeat":"repeat","background-position":"center center","background-size":"auto","background-attachment":"scroll","background-type":"","background-media":"","overlay-type":"","overlay-color":"","overlay-opacity":"","overlay-gradient":""},"tablet":{"background-color":"","background-image":"","background-repeat":"repeat","background-position":"center center","background-size":"auto","background-attachment":"scroll","background-type":"","background-media":"","overlay-type":"","overlay-color":"","overlay-opacity":"","overlay-gradient":""},"mobile":{"background-color":"","background-image":"","background-repeat":"repeat","background-position":"center center","background-size":"auto","background-attachment":"scroll","background-type":"","background-media":"","overlay-type":"","overlay-color":"","overlay-opacity":"","overlay-gradient":""}},"ast-content-background-meta":{"desktop":{"background-color":"var(--ast-global-color-4)","background-image":"","background-repeat":"repeat","background-position":"center center","background-size":"auto","background-attachment":"scroll","background-type":"","background-media":"","overlay-type":"","overlay-color":"","overlay-opacity":"","overlay-gradient":""},"tablet":{"background-color":"var(--ast-global-color-4)","background-image":"","background-repeat":"repeat","background-position":"center center","background-size":"auto","background-attachment":"scroll","background-type":"","background-media":"","overlay-type":"","overlay-color":"","overlay-opacity":"","overlay-gradient":""},"mobile":{"background-color":"var(--ast-global-color-4)","background-image":"","background-repeat":"repeat","background-position":"center center","background-size":"auto","background-attachment":"scroll","background-type":"","background-media":"","overlay-type":"","overlay-color":"","overlay-opacity":"","overlay-gradient":""}}},"product_brand":[],"product_cat":[1269,1132],"product_tag":[],"class_list":{"0":"post-13023","1":"product","2":"type-product","3":"status-publish","4":"has-post-thumbnail","6":"product_cat-biscuits-gingerbreads","7":"product_cat-products","8":"pa_minimalne-zamowienie-300-szt-en","9":"pa_okres-przydatnosci-6-miesiecy-en","10":"pa_wymiary-ciastka-ok-35x25x35-mm-en","11":"pa_wymiary-saszetki-ok-95x65-mm-en","12":"desktop-align-left","13":"tablet-align-left","14":"mobile-align-left","16":"first","17":"instock","18":"shipping-taxable","19":"purchasable","20":"product-type-simple"},"acf":[],"yoast_head":"<!-- This site is optimized with the Yoast SEO plugin v26.6 - https:\/\/yoast.com\/wordpress\/plugins\/seo\/ -->\n<title>FORTUNE COOKIE WITH HEADER CARD - S\u0142odycze z Pomys\u0142em<\/title>\n<meta name=\"robots\" content=\"noindex, follow, max-snippet:-1, max-image-preview:large, max-video-preview:-1\" \/>\n<meta property=\"og:locale\" content=\"en_US\" \/>\n<meta property=\"og:type\" content=\"article\" \/>\n<meta property=\"og:title\" content=\"FORTUNE COOKIE WITH HEADER CARD - S\u0142odycze z Pomys\u0142em\" \/>\n<meta property=\"og:description\" content=\"delicious and unique fortune cookie. paper text stripe (58 x 12 mm) with message placed inside each cookie in standard [&hellip;]\" \/>\n<meta property=\"og:url\" content=\"https:\/\/nowysklep.slodyczezpomyslem.pl\/produkt\/ciasteczka-z-wrozba-z-karnetem-09-21\/\" \/>\n<meta property=\"og:site_name\" content=\"S\u0142odycze z Pomys\u0142em\" \/>\n<meta property=\"article:modified_time\" content=\"2025-11-10T10:49:43+00:00\" \/>\n<meta property=\"og:image\" content=\"https:\/\/nowysklep.slodyczezpomyslem.pl\/wp-content\/uploads\/2025\/06\/09.21_dzien_kobiet.jpg\" \/>\n\t<meta property=\"og:image:width\" content=\"750\" \/>\n\t<meta property=\"og:image:height\" content=\"531\" \/>\n\t<meta property=\"og:image:type\" content=\"image\/jpeg\" \/>\n<meta name=\"twitter:card\" content=\"summary_large_image\" \/>\n<script type=\"application\/ld+json\" class=\"yoast-schema-graph\">{\"@context\":\"https:\/\/schema.org\",\"@graph\":[{\"@type\":\"WebPage\",\"@id\":\"https:\/\/nowysklep.slodyczezpomyslem.pl\/produkt\/ciasteczka-z-wrozba-z-karnetem-09-21\/\",\"url\":\"https:\/\/nowysklep.slodyczezpomyslem.pl\/produkt\/ciasteczka-z-wrozba-z-karnetem-09-21\/\",\"name\":\"FORTUNE COOKIE WITH HEADER CARD - S\u0142odycze z Pomys\u0142em\",\"isPartOf\":{\"@id\":\"https:\/\/nowysklep.slodyczezpomyslem.pl\/#website\"},\"primaryImageOfPage\":{\"@id\":\"https:\/\/nowysklep.slodyczezpomyslem.pl\/produkt\/ciasteczka-z-wrozba-z-karnetem-09-21\/#primaryimage\"},\"image\":{\"@id\":\"https:\/\/nowysklep.slodyczezpomyslem.pl\/produkt\/ciasteczka-z-wrozba-z-karnetem-09-21\/#primaryimage\"},\"thumbnailUrl\":\"https:\/\/nowysklep.slodyczezpomyslem.pl\/wp-content\/uploads\/2025\/06\/09.21_dzien_kobiet.jpg\",\"datePublished\":\"2024-01-04T07:08:00+00:00\",\"dateModified\":\"2025-11-10T10:49:43+00:00\",\"breadcrumb\":{\"@id\":\"https:\/\/nowysklep.slodyczezpomyslem.pl\/produkt\/ciasteczka-z-wrozba-z-karnetem-09-21\/#breadcrumb\"},\"inLanguage\":\"en-US\",\"potentialAction\":[{\"@type\":\"ReadAction\",\"target\":[\"https:\/\/nowysklep.slodyczezpomyslem.pl\/produkt\/ciasteczka-z-wrozba-z-karnetem-09-21\/\"]}]},{\"@type\":\"ImageObject\",\"inLanguage\":\"en-US\",\"@id\":\"https:\/\/nowysklep.slodyczezpomyslem.pl\/produkt\/ciasteczka-z-wrozba-z-karnetem-09-21\/#primaryimage\",\"url\":\"https:\/\/nowysklep.slodyczezpomyslem.pl\/wp-content\/uploads\/2025\/06\/09.21_dzien_kobiet.jpg\",\"contentUrl\":\"https:\/\/nowysklep.slodyczezpomyslem.pl\/wp-content\/uploads\/2025\/06\/09.21_dzien_kobiet.jpg\",\"width\":750,\"height\":531,\"caption\":\"Ciasteczko z wr\u00f3\u017cb\u0105 i karnetem z dwustronnym nadrukiem reklamowym i logo klienta\"},{\"@type\":\"BreadcrumbList\",\"@id\":\"https:\/\/nowysklep.slodyczezpomyslem.pl\/produkt\/ciasteczka-z-wrozba-z-karnetem-09-21\/#breadcrumb\",\"itemListElement\":[{\"@type\":\"ListItem\",\"position\":1,\"name\":\"Strona g\u0142\u00f3wna\",\"item\":\"https:\/\/nowysklep.slodyczezpomyslem.pl\/en\/\"},{\"@type\":\"ListItem\",\"position\":2,\"name\":\"Shop\",\"item\":\"https:\/\/nowysklep.slodyczezpomyslem.pl\/en\/shop\/\"},{\"@type\":\"ListItem\",\"position\":3,\"name\":\"FORTUNE COOKIE WITH HEADER CARD\"}]},{\"@type\":\"WebSite\",\"@id\":\"https:\/\/nowysklep.slodyczezpomyslem.pl\/#website\",\"url\":\"https:\/\/nowysklep.slodyczezpomyslem.pl\/\",\"name\":\"S\u0142odycze z Pomys\u0142em\",\"description\":\"\",\"potentialAction\":[{\"@type\":\"SearchAction\",\"target\":{\"@type\":\"EntryPoint\",\"urlTemplate\":\"https:\/\/nowysklep.slodyczezpomyslem.pl\/?s={search_term_string}\"},\"query-input\":{\"@type\":\"PropertyValueSpecification\",\"valueRequired\":true,\"valueName\":\"search_term_string\"}}],\"inLanguage\":\"en-US\"}]}<\/script>\n<!-- \/ Yoast SEO plugin. -->","yoast_head_json":{"title":"FORTUNE COOKIE WITH HEADER CARD - S\u0142odycze z Pomys\u0142em","robots":{"index":"noindex","follow":"follow","max-snippet":"max-snippet:-1","max-image-preview":"max-image-preview:large","max-video-preview":"max-video-preview:-1"},"og_locale":"en_US","og_type":"article","og_title":"FORTUNE COOKIE WITH HEADER CARD - S\u0142odycze z Pomys\u0142em","og_description":"delicious and unique fortune cookie. paper text stripe (58 x 12 mm) with message placed inside each cookie in standard [&hellip;]","og_url":"https:\/\/nowysklep.slodyczezpomyslem.pl\/produkt\/ciasteczka-z-wrozba-z-karnetem-09-21\/","og_site_name":"S\u0142odycze z Pomys\u0142em","article_modified_time":"2025-11-10T10:49:43+00:00","og_image":[{"width":750,"height":531,"url":"https:\/\/nowysklep.slodyczezpomyslem.pl\/wp-content\/uploads\/2025\/06\/09.21_dzien_kobiet.jpg","type":"image\/jpeg"}],"twitter_card":"summary_large_image","schema":{"@context":"https:\/\/schema.org","@graph":[{"@type":"WebPage","@id":"https:\/\/nowysklep.slodyczezpomyslem.pl\/produkt\/ciasteczka-z-wrozba-z-karnetem-09-21\/","url":"https:\/\/nowysklep.slodyczezpomyslem.pl\/produkt\/ciasteczka-z-wrozba-z-karnetem-09-21\/","name":"FORTUNE COOKIE WITH HEADER CARD - S\u0142odycze z Pomys\u0142em","isPartOf":{"@id":"https:\/\/nowysklep.slodyczezpomyslem.pl\/#website"},"primaryImageOfPage":{"@id":"https:\/\/nowysklep.slodyczezpomyslem.pl\/produkt\/ciasteczka-z-wrozba-z-karnetem-09-21\/#primaryimage"},"image":{"@id":"https:\/\/nowysklep.slodyczezpomyslem.pl\/produkt\/ciasteczka-z-wrozba-z-karnetem-09-21\/#primaryimage"},"thumbnailUrl":"https:\/\/nowysklep.slodyczezpomyslem.pl\/wp-content\/uploads\/2025\/06\/09.21_dzien_kobiet.jpg","datePublished":"2024-01-04T07:08:00+00:00","dateModified":"2025-11-10T10:49:43+00:00","breadcrumb":{"@id":"https:\/\/nowysklep.slodyczezpomyslem.pl\/produkt\/ciasteczka-z-wrozba-z-karnetem-09-21\/#breadcrumb"},"inLanguage":"en-US","potentialAction":[{"@type":"ReadAction","target":["https:\/\/nowysklep.slodyczezpomyslem.pl\/produkt\/ciasteczka-z-wrozba-z-karnetem-09-21\/"]}]},{"@type":"ImageObject","inLanguage":"en-US","@id":"https:\/\/nowysklep.slodyczezpomyslem.pl\/produkt\/ciasteczka-z-wrozba-z-karnetem-09-21\/#primaryimage","url":"https:\/\/nowysklep.slodyczezpomyslem.pl\/wp-content\/uploads\/2025\/06\/09.21_dzien_kobiet.jpg","contentUrl":"https:\/\/nowysklep.slodyczezpomyslem.pl\/wp-content\/uploads\/2025\/06\/09.21_dzien_kobiet.jpg","width":750,"height":531,"caption":"Ciasteczko z wr\u00f3\u017cb\u0105 i karnetem z dwustronnym nadrukiem reklamowym i logo klienta"},{"@type":"BreadcrumbList","@id":"https:\/\/nowysklep.slodyczezpomyslem.pl\/produkt\/ciasteczka-z-wrozba-z-karnetem-09-21\/#breadcrumb","itemListElement":[{"@type":"ListItem","position":1,"name":"Strona g\u0142\u00f3wna","item":"https:\/\/nowysklep.slodyczezpomyslem.pl\/en\/"},{"@type":"ListItem","position":2,"name":"Shop","item":"https:\/\/nowysklep.slodyczezpomyslem.pl\/en\/shop\/"},{"@type":"ListItem","position":3,"name":"FORTUNE COOKIE WITH HEADER CARD"}]},{"@type":"WebSite","@id":"https:\/\/nowysklep.slodyczezpomyslem.pl\/#website","url":"https:\/\/nowysklep.slodyczezpomyslem.pl\/","name":"S\u0142odycze z Pomys\u0142em","description":"","potentialAction":[{"@type":"SearchAction","target":{"@type":"EntryPoint","urlTemplate":"https:\/\/nowysklep.slodyczezpomyslem.pl\/?s={search_term_string}"},"query-input":{"@type":"PropertyValueSpecification","valueRequired":true,"valueName":"search_term_string"}}],"inLanguage":"en-US"}]}},"_links":{"self":[{"href":"https:\/\/nowysklep.slodyczezpomyslem.pl\/en\/wp-json\/wp\/v2\/product\/13023","targetHints":{"allow":["GET"]}}],"collection":[{"href":"https:\/\/nowysklep.slodyczezpomyslem.pl\/en\/wp-json\/wp\/v2\/product"}],"about":[{"href":"https:\/\/nowysklep.slodyczezpomyslem.pl\/en\/wp-json\/wp\/v2\/types\/product"}],"replies":[{"embeddable":true,"href":"https:\/\/nowysklep.slodyczezpomyslem.pl\/en\/wp-json\/wp\/v2\/comments?post=13023"}],"version-history":[{"count":3,"href":"https:\/\/nowysklep.slodyczezpomyslem.pl\/en\/wp-json\/wp\/v2\/product\/13023\/revisions"}],"predecessor-version":[{"id":17152,"href":"https:\/\/nowysklep.slodyczezpomyslem.pl\/en\/wp-json\/wp\/v2\/product\/13023\/revisions\/17152"}],"wp:featuredmedia":[{"embeddable":true,"href":"https:\/\/nowysklep.slodyczezpomyslem.pl\/en\/wp-json\/wp\/v2\/media\/3756"}],"wp:attachment":[{"href":"https:\/\/nowysklep.slodyczezpomyslem.pl\/en\/wp-json\/wp\/v2\/media?parent=13023"}],"wp:term":[{"taxonomy":"product_brand","embeddable":true,"href":"https:\/\/nowysklep.slodyczezpomyslem.pl\/en\/wp-json\/wp\/v2\/product_brand?post=13023"},{"taxonomy":"product_cat","embeddable":true,"href":"https:\/\/nowysklep.slodyczezpomyslem.pl\/en\/wp-json\/wp\/v2\/product_cat?post=13023"},{"taxonomy":"product_tag","embeddable":true,"href":"https:\/\/nowysklep.slodyczezpomyslem.pl\/en\/wp-json\/wp\/v2\/product_tag?post=13023"}],"curies":[{"name":"wp","href":"https:\/\/api.w.org\/{rel}","templated":true}]}}