{"id":12620,"date":"2017-03-23T15:51:00","date_gmt":"2017-03-23T14:51:00","guid":{"rendered":"https:\/\/slodyczezpomyslem.invette.dev\/produkt\/1-euro-coin-08-08\/"},"modified":"2025-11-10T14:33:00","modified_gmt":"2025-11-10T13:33:00","slug":"1-euro-coin-08-08","status":"publish","type":"product","link":"https:\/\/nowysklep.slodyczezpomyslem.pl\/en\/produkt\/1-euro-coin-08-08\/","title":{"rendered":"1 EURO COIN"},"content":{"rendered":"<ul>\n<li>Medals made from Belgian chocolate with 1 EURO artwork embossed on top \/ front of the medal<\/li>\n<li>available chocolate types: milk 44% (in standard), milk 33%, dessert 55% (after inquiry), white or bitter 75% (for extra fee)<\/li>\n<li>medals flat on the back side<\/li>\n<li>wrapped in gold or silver foil<\/li>\n<li>a sticker with promotional print can be placed on the bottom of the coin (for additional fee)<\/li>\n<\/ul>\n","protected":false},"excerpt":{"rendered":"<p>Medals made from Belgian chocolate with 1 EURO artwork embossed on top \/ front of the medal available chocolate types: [&hellip;]<\/p>\n","protected":false},"featured_media":2024,"comment_status":"open","ping_status":"closed","template":"","meta":{"_acf_changed":false,"site-sidebar-layout":"default","site-content-layout":"","ast-site-content-layout":"default","site-content-style":"default","site-sidebar-style":"default","ast-global-header-display":"","ast-banner-title-visibility":"","ast-main-header-display":"","ast-hfb-above-header-display":"","ast-hfb-below-header-display":"","ast-hfb-mobile-header-display":"","site-post-title":"","ast-breadcrumbs-content":"","ast-featured-img":"","footer-sml-layout":"","theme-transparent-header-meta":"default","adv-header-id-meta":"","stick-header-meta":"","header-above-stick-meta":"","header-main-stick-meta":"","header-below-stick-meta":"","astra-migrate-meta-layouts":"default","ast-page-background-enabled":"default","ast-page-background-meta":{"desktop":{"background-color":"var(--ast-global-color-5)","background-image":"","background-repeat":"repeat","background-position":"center center","background-size":"auto","background-attachment":"scroll","background-type":"","background-media":"","overlay-type":"","overlay-color":"","overlay-opacity":"","overlay-gradient":""},"tablet":{"background-color":"","background-image":"","background-repeat":"repeat","background-position":"center center","background-size":"auto","background-attachment":"scroll","background-type":"","background-media":"","overlay-type":"","overlay-color":"","overlay-opacity":"","overlay-gradient":""},"mobile":{"background-color":"","background-image":"","background-repeat":"repeat","background-position":"center center","background-size":"auto","background-attachment":"scroll","background-type":"","background-media":"","overlay-type":"","overlay-color":"","overlay-opacity":"","overlay-gradient":""}},"ast-content-background-meta":{"desktop":{"background-color":"var(--ast-global-color-4)","background-image":"","background-repeat":"repeat","background-position":"center center","background-size":"auto","background-attachment":"scroll","background-type":"","background-media":"","overlay-type":"","overlay-color":"","overlay-opacity":"","overlay-gradient":""},"tablet":{"background-color":"var(--ast-global-color-4)","background-image":"","background-repeat":"repeat","background-position":"center center","background-size":"auto","background-attachment":"scroll","background-type":"","background-media":"","overlay-type":"","overlay-color":"","overlay-opacity":"","overlay-gradient":""},"mobile":{"background-color":"var(--ast-global-color-4)","background-image":"","background-repeat":"repeat","background-position":"center center","background-size":"auto","background-attachment":"scroll","background-type":"","background-media":"","overlay-type":"","overlay-color":"","overlay-opacity":"","overlay-gradient":""}}},"product_brand":[],"product_cat":[1265,1132],"product_tag":[],"class_list":{"0":"post-12620","1":"product","2":"type-product","3":"status-publish","4":"has-post-thumbnail","6":"product_cat-chocolate-medals","7":"product_cat-products","8":"pa_minimalne-zamowienie-1000-szt-en","9":"pa_okres-przydatnosci-6-miesiecy-en","10":"desktop-align-left","11":"tablet-align-left","12":"mobile-align-left","14":"first","15":"instock","16":"shipping-taxable","17":"purchasable","18":"product-type-simple"},"acf":[],"yoast_head":"<!-- This site is optimized with the Yoast SEO plugin v26.6 - https:\/\/yoast.com\/wordpress\/plugins\/seo\/ -->\n<title>1 EURO COIN - S\u0142odycze z Pomys\u0142em<\/title>\n<meta name=\"robots\" content=\"noindex, follow, max-snippet:-1, max-image-preview:large, max-video-preview:-1\" \/>\n<meta property=\"og:locale\" content=\"en_US\" \/>\n<meta property=\"og:type\" content=\"article\" \/>\n<meta property=\"og:title\" content=\"1 EURO COIN - S\u0142odycze z Pomys\u0142em\" \/>\n<meta property=\"og:description\" content=\"Medals made from Belgian chocolate with 1 EURO artwork embossed on top \/ front of the medal available chocolate types: [&hellip;]\" \/>\n<meta property=\"og:url\" content=\"https:\/\/nowysklep.slodyczezpomyslem.pl\/produkt\/monety-1-euro-08-08\/\" \/>\n<meta property=\"og:site_name\" content=\"S\u0142odycze z Pomys\u0142em\" \/>\n<meta property=\"article:modified_time\" content=\"2025-11-10T13:33:00+00:00\" \/>\n<meta property=\"og:image\" content=\"https:\/\/nowysklep.slodyczezpomyslem.pl\/wp-content\/uploads\/2025\/06\/08.08-zdjecie.jpg\" \/>\n\t<meta property=\"og:image:width\" content=\"800\" \/>\n\t<meta property=\"og:image:height\" content=\"600\" \/>\n\t<meta property=\"og:image:type\" content=\"image\/jpeg\" \/>\n<meta name=\"twitter:card\" content=\"summary_large_image\" \/>\n<script type=\"application\/ld+json\" class=\"yoast-schema-graph\">{\"@context\":\"https:\/\/schema.org\",\"@graph\":[{\"@type\":\"WebPage\",\"@id\":\"https:\/\/nowysklep.slodyczezpomyslem.pl\/produkt\/monety-1-euro-08-08\/\",\"url\":\"https:\/\/nowysklep.slodyczezpomyslem.pl\/produkt\/monety-1-euro-08-08\/\",\"name\":\"1 EURO COIN - S\u0142odycze z Pomys\u0142em\",\"isPartOf\":{\"@id\":\"https:\/\/nowysklep.slodyczezpomyslem.pl\/#website\"},\"primaryImageOfPage\":{\"@id\":\"https:\/\/nowysklep.slodyczezpomyslem.pl\/produkt\/monety-1-euro-08-08\/#primaryimage\"},\"image\":{\"@id\":\"https:\/\/nowysklep.slodyczezpomyslem.pl\/produkt\/monety-1-euro-08-08\/#primaryimage\"},\"thumbnailUrl\":\"https:\/\/nowysklep.slodyczezpomyslem.pl\/wp-content\/uploads\/2025\/06\/08.08-zdjecie.jpg\",\"datePublished\":\"2017-03-23T14:51:00+00:00\",\"dateModified\":\"2025-11-10T13:33:00+00:00\",\"breadcrumb\":{\"@id\":\"https:\/\/nowysklep.slodyczezpomyslem.pl\/produkt\/monety-1-euro-08-08\/#breadcrumb\"},\"inLanguage\":\"en-US\",\"potentialAction\":[{\"@type\":\"ReadAction\",\"target\":[\"https:\/\/nowysklep.slodyczezpomyslem.pl\/produkt\/monety-1-euro-08-08\/\"]}]},{\"@type\":\"ImageObject\",\"inLanguage\":\"en-US\",\"@id\":\"https:\/\/nowysklep.slodyczezpomyslem.pl\/produkt\/monety-1-euro-08-08\/#primaryimage\",\"url\":\"https:\/\/nowysklep.slodyczezpomyslem.pl\/wp-content\/uploads\/2025\/06\/08.08-zdjecie.jpg\",\"contentUrl\":\"https:\/\/nowysklep.slodyczezpomyslem.pl\/wp-content\/uploads\/2025\/06\/08.08-zdjecie.jpg\",\"width\":800,\"height\":600,\"caption\":\"Personalizowane monety czekoladowe 1 Euro zawini\u0119te w z\u0142ot\u0105 foli\u0119 aluminiow\u0105\"},{\"@type\":\"BreadcrumbList\",\"@id\":\"https:\/\/nowysklep.slodyczezpomyslem.pl\/produkt\/monety-1-euro-08-08\/#breadcrumb\",\"itemListElement\":[{\"@type\":\"ListItem\",\"position\":1,\"name\":\"Strona g\u0142\u00f3wna\",\"item\":\"https:\/\/nowysklep.slodyczezpomyslem.pl\/en\/\"},{\"@type\":\"ListItem\",\"position\":2,\"name\":\"Shop\",\"item\":\"https:\/\/nowysklep.slodyczezpomyslem.pl\/en\/shop\/\"},{\"@type\":\"ListItem\",\"position\":3,\"name\":\"1 EURO COIN\"}]},{\"@type\":\"WebSite\",\"@id\":\"https:\/\/nowysklep.slodyczezpomyslem.pl\/#website\",\"url\":\"https:\/\/nowysklep.slodyczezpomyslem.pl\/\",\"name\":\"S\u0142odycze z Pomys\u0142em\",\"description\":\"\",\"potentialAction\":[{\"@type\":\"SearchAction\",\"target\":{\"@type\":\"EntryPoint\",\"urlTemplate\":\"https:\/\/nowysklep.slodyczezpomyslem.pl\/?s={search_term_string}\"},\"query-input\":{\"@type\":\"PropertyValueSpecification\",\"valueRequired\":true,\"valueName\":\"search_term_string\"}}],\"inLanguage\":\"en-US\"}]}<\/script>\n<!-- \/ Yoast SEO plugin. -->","yoast_head_json":{"title":"1 EURO COIN - S\u0142odycze z Pomys\u0142em","robots":{"index":"noindex","follow":"follow","max-snippet":"max-snippet:-1","max-image-preview":"max-image-preview:large","max-video-preview":"max-video-preview:-1"},"og_locale":"en_US","og_type":"article","og_title":"1 EURO COIN - S\u0142odycze z Pomys\u0142em","og_description":"Medals made from Belgian chocolate with 1 EURO artwork embossed on top \/ front of the medal available chocolate types: [&hellip;]","og_url":"https:\/\/nowysklep.slodyczezpomyslem.pl\/produkt\/monety-1-euro-08-08\/","og_site_name":"S\u0142odycze z Pomys\u0142em","article_modified_time":"2025-11-10T13:33:00+00:00","og_image":[{"width":800,"height":600,"url":"https:\/\/nowysklep.slodyczezpomyslem.pl\/wp-content\/uploads\/2025\/06\/08.08-zdjecie.jpg","type":"image\/jpeg"}],"twitter_card":"summary_large_image","schema":{"@context":"https:\/\/schema.org","@graph":[{"@type":"WebPage","@id":"https:\/\/nowysklep.slodyczezpomyslem.pl\/produkt\/monety-1-euro-08-08\/","url":"https:\/\/nowysklep.slodyczezpomyslem.pl\/produkt\/monety-1-euro-08-08\/","name":"1 EURO COIN - S\u0142odycze z Pomys\u0142em","isPartOf":{"@id":"https:\/\/nowysklep.slodyczezpomyslem.pl\/#website"},"primaryImageOfPage":{"@id":"https:\/\/nowysklep.slodyczezpomyslem.pl\/produkt\/monety-1-euro-08-08\/#primaryimage"},"image":{"@id":"https:\/\/nowysklep.slodyczezpomyslem.pl\/produkt\/monety-1-euro-08-08\/#primaryimage"},"thumbnailUrl":"https:\/\/nowysklep.slodyczezpomyslem.pl\/wp-content\/uploads\/2025\/06\/08.08-zdjecie.jpg","datePublished":"2017-03-23T14:51:00+00:00","dateModified":"2025-11-10T13:33:00+00:00","breadcrumb":{"@id":"https:\/\/nowysklep.slodyczezpomyslem.pl\/produkt\/monety-1-euro-08-08\/#breadcrumb"},"inLanguage":"en-US","potentialAction":[{"@type":"ReadAction","target":["https:\/\/nowysklep.slodyczezpomyslem.pl\/produkt\/monety-1-euro-08-08\/"]}]},{"@type":"ImageObject","inLanguage":"en-US","@id":"https:\/\/nowysklep.slodyczezpomyslem.pl\/produkt\/monety-1-euro-08-08\/#primaryimage","url":"https:\/\/nowysklep.slodyczezpomyslem.pl\/wp-content\/uploads\/2025\/06\/08.08-zdjecie.jpg","contentUrl":"https:\/\/nowysklep.slodyczezpomyslem.pl\/wp-content\/uploads\/2025\/06\/08.08-zdjecie.jpg","width":800,"height":600,"caption":"Personalizowane monety czekoladowe 1 Euro zawini\u0119te w z\u0142ot\u0105 foli\u0119 aluminiow\u0105"},{"@type":"BreadcrumbList","@id":"https:\/\/nowysklep.slodyczezpomyslem.pl\/produkt\/monety-1-euro-08-08\/#breadcrumb","itemListElement":[{"@type":"ListItem","position":1,"name":"Strona g\u0142\u00f3wna","item":"https:\/\/nowysklep.slodyczezpomyslem.pl\/en\/"},{"@type":"ListItem","position":2,"name":"Shop","item":"https:\/\/nowysklep.slodyczezpomyslem.pl\/en\/shop\/"},{"@type":"ListItem","position":3,"name":"1 EURO COIN"}]},{"@type":"WebSite","@id":"https:\/\/nowysklep.slodyczezpomyslem.pl\/#website","url":"https:\/\/nowysklep.slodyczezpomyslem.pl\/","name":"S\u0142odycze z Pomys\u0142em","description":"","potentialAction":[{"@type":"SearchAction","target":{"@type":"EntryPoint","urlTemplate":"https:\/\/nowysklep.slodyczezpomyslem.pl\/?s={search_term_string}"},"query-input":{"@type":"PropertyValueSpecification","valueRequired":true,"valueName":"search_term_string"}}],"inLanguage":"en-US"}]}},"_links":{"self":[{"href":"https:\/\/nowysklep.slodyczezpomyslem.pl\/en\/wp-json\/wp\/v2\/product\/12620","targetHints":{"allow":["GET"]}}],"collection":[{"href":"https:\/\/nowysklep.slodyczezpomyslem.pl\/en\/wp-json\/wp\/v2\/product"}],"about":[{"href":"https:\/\/nowysklep.slodyczezpomyslem.pl\/en\/wp-json\/wp\/v2\/types\/product"}],"replies":[{"embeddable":true,"href":"https:\/\/nowysklep.slodyczezpomyslem.pl\/en\/wp-json\/wp\/v2\/comments?post=12620"}],"version-history":[{"count":3,"href":"https:\/\/nowysklep.slodyczezpomyslem.pl\/en\/wp-json\/wp\/v2\/product\/12620\/revisions"}],"predecessor-version":[{"id":17114,"href":"https:\/\/nowysklep.slodyczezpomyslem.pl\/en\/wp-json\/wp\/v2\/product\/12620\/revisions\/17114"}],"wp:featuredmedia":[{"embeddable":true,"href":"https:\/\/nowysklep.slodyczezpomyslem.pl\/en\/wp-json\/wp\/v2\/media\/2024"}],"wp:attachment":[{"href":"https:\/\/nowysklep.slodyczezpomyslem.pl\/en\/wp-json\/wp\/v2\/media?parent=12620"}],"wp:term":[{"taxonomy":"product_brand","embeddable":true,"href":"https:\/\/nowysklep.slodyczezpomyslem.pl\/en\/wp-json\/wp\/v2\/product_brand?post=12620"},{"taxonomy":"product_cat","embeddable":true,"href":"https:\/\/nowysklep.slodyczezpomyslem.pl\/en\/wp-json\/wp\/v2\/product_cat?post=12620"},{"taxonomy":"product_tag","embeddable":true,"href":"https:\/\/nowysklep.slodyczezpomyslem.pl\/en\/wp-json\/wp\/v2\/product_tag?post=12620"}],"curies":[{"name":"wp","href":"https:\/\/api.w.org\/{rel}","templated":true}]}}